{"id":9963,"date":"2026-02-22T22:01:30","date_gmt":"2026-02-22T22:01:30","guid":{"rendered":"https:\/\/www.aersp.pt\/portal\/?page_id=9963"},"modified":"2026-02-22T22:09:53","modified_gmt":"2026-02-22T22:09:53","slug":"caa","status":"publish","type":"page","link":"https:\/\/www.aersp.pt\/portal\/caa\/","title":{"rendered":"CAA"},"content":{"rendered":"\n<p>O Centro de Apoio \u00e0 Aprendizagem (CAA), previsto no Decreto-Lei n.\u00ba 54\/2018 de 6 de julho, constitui uma estrutura fundamental na concretiza\u00e7\u00e3o dos princ\u00edpios da educa\u00e7\u00e3o inclusiva no Agrupamento de Escolas Ribeiro Sanches. Em conson\u00e2ncia com o respetivo Regimento do CAA, com o Projeto Educativo e com o Regulamento Interno do Agrupamento, o CAA afirma-se como um espa\u00e7o de apoio estruturado, colaborativo e promotor de equidade,<br>orientado para o sucesso de todos os alunos.<\/p>\n\n\n\n<p><br>Mais do que um espa\u00e7o f\u00edsico, o CAA \u00e9 um recurso organizacional que agrega saberes, estrat\u00e9gias e respostas diferenciadas, visando remover barreiras \u00e0 aprendizagem e \u00e0 participa\u00e7\u00e3o. A sua a\u00e7\u00e3o centra-se na promo\u00e7\u00e3o do<br>desenvolvimento global dos alunos, no refor\u00e7o das aprendizagens, na autonomia, na autorregula\u00e7\u00e3o e na inclus\u00e3o plena em contexto de turma e de escola.<\/p>\n\n\n\n<p><br>Entre os seus principais objetivos destacam-se: apoiar a implementa\u00e7\u00e3o de medidas universais, seletivas e adicionais; colaborar com docentes, t\u00e9cnicos e assistentes operacionais na defini\u00e7\u00e3o de estrat\u00e9gias pedag\u00f3gicas ajustadas;<br>promover pr\u00e1ticas inclusivas; fomentar a articula\u00e7\u00e3o com as fam\u00edlias; e contribuir para a constru\u00e7\u00e3o de percursos educativos personalizados, alinhados com os valores e metas definidos no Projeto Educativo do Agrupamento.<br>No presente ano letivo, o Agrupamento encontra-se empenhado no refor\u00e7o e na melhoria desta estrutura, atrav\u00e9s da atualiza\u00e7\u00e3o e cria\u00e7\u00e3o de documentos orientadores, nomeadamente o Plano de A\u00e7\u00e3o do CAA e a Pol\u00edtica de Gest\u00e3o<br>dos Recursos Humanos afetos ao Centro. Paralelamente, pretende-se, ao longo do ano, desenvolver instrumentos de monitoriza\u00e7\u00e3o e ausculta\u00e7\u00e3o, como question\u00e1rios dirigidos a docentes, alunos e encarregados de educa\u00e7\u00e3o, bem<br>como produzir materiais de divulga\u00e7\u00e3o &#8211; como flyers e outras formas de comunica\u00e7\u00e3o &#8211; com o objetivo de dar maior visibilidade ao CAA e ampliar a sua abrang\u00eancia junto de toda a comunidade educativa.<br><\/p>\n\n\n\n<p>Deste modo, o CAA assume-se como um pilar essencial de uma escola que valoriza a diversidade, reconhece o potencial de cada aluno e trabalha, de forma colaborativa e cont\u00ednua, para garantir uma educa\u00e7\u00e3o de qualidade,<br>equitativa e verdadeiramente inclusiva para todos.<\/p>\n\n\n\n<div data-wp-interactive=\"core\/file\" class=\"wp-block-file\"><object data-wp-bind--hidden=\"!state.hasPdfPreview\" hidden class=\"wp-block-file__embed\" data=\"https:\/\/www.aersp.pt\/portal\/wp-content\/uploads\/2026\/02\/CAA-guiao-de-praticas-inclusivas-exemplo.pdf\" type=\"application\/pdf\" style=\"width:100%;height:600px\" aria-label=\"Incorpora\u00e7\u00e3o de CAA - gui\u00e3o de pr\u00e1ticas inclusivas, exemplo.\"><\/object><a id=\"wp-block-file--media-8cb73057-c3d6-4d04-a8b7-a4f0993ab0f3\" href=\"https:\/\/www.aersp.pt\/portal\/wp-content\/uploads\/2026\/02\/CAA-guiao-de-praticas-inclusivas-exemplo.pdf\">CAA &#8211; gui\u00e3o de pr\u00e1ticas inclusivas, exemplo<\/a><a href=\"https:\/\/www.aersp.pt\/portal\/wp-content\/uploads\/2026\/02\/CAA-guiao-de-praticas-inclusivas-exemplo.pdf\" class=\"wp-block-file__button wp-element-button\" download aria-describedby=\"wp-block-file--media-8cb73057-c3d6-4d04-a8b7-a4f0993ab0f3\">Descarregar<\/a><\/div>\n\n\n\n<div data-wp-interactive=\"core\/file\" class=\"wp-block-file\"><object data-wp-bind--hidden=\"!state.hasPdfPreview\" hidden class=\"wp-block-file__embed\" data=\"https:\/\/www.aersp.pt\/portal\/wp-content\/uploads\/2026\/02\/Flyer-encarregados-de-educacao-A3.pdf\" type=\"application\/pdf\" style=\"width:100%;height:600px\" aria-label=\"Incorpora\u00e7\u00e3o de Flyer encarregados de educa\u00e7\u00e3o A3.\"><\/object><a id=\"wp-block-file--media-4469b760-178e-47c9-8479-926abd902715\" href=\"https:\/\/www.aersp.pt\/portal\/wp-content\/uploads\/2026\/02\/Flyer-encarregados-de-educacao-A3.pdf\">Flyer encarregados de educa\u00e7\u00e3o A3<\/a><a href=\"https:\/\/www.aersp.pt\/portal\/wp-content\/uploads\/2026\/02\/Flyer-encarregados-de-educacao-A3.pdf\" class=\"wp-block-file__button wp-element-button\" download aria-describedby=\"wp-block-file--media-4469b760-178e-47c9-8479-926abd902715\">Descarregar<\/a><\/div>\n\n\n\n<div data-wp-interactive=\"core\/file\" class=\"wp-block-file\"><object data-wp-bind--hidden=\"!state.hasPdfPreview\" hidden class=\"wp-block-file__embed\" data=\"https:\/\/www.aersp.pt\/portal\/wp-content\/uploads\/2026\/02\/Regimento-CAA-25-26-1.pdf\" type=\"application\/pdf\" style=\"width:100%;height:600px\" aria-label=\"Incorpora\u00e7\u00e3o de Regimento CAA 25-26 (1).\"><\/object><a id=\"wp-block-file--media-d0c5aa67-0921-452d-bec7-3f53c04ce9d0\" href=\"https:\/\/www.aersp.pt\/portal\/wp-content\/uploads\/2026\/02\/Regimento-CAA-25-26-1.pdf\">Regimento CAA 25-26 (1)<\/a><a href=\"https:\/\/www.aersp.pt\/portal\/wp-content\/uploads\/2026\/02\/Regimento-CAA-25-26-1.pdf\" class=\"wp-block-file__button wp-element-button\" download aria-describedby=\"wp-block-file--media-d0c5aa67-0921-452d-bec7-3f53c04ce9d0\">Descarregar<\/a><\/div>\n","protected":false},"excerpt":{"rendered":"<p>O Centro de Apoio \u00e0 Aprendizagem (CAA), previsto no Decreto-Lei n.\u00ba 54\/2018 de 6 de julho, constitui uma estrutura fundamental na concretiza\u00e7\u00e3o dos princ\u00edpios da&hellip;<\/p>\n","protected":false},"author":1,"featured_media":0,"parent":0,"menu_order":0,"comment_status":"closed","ping_status":"closed","template":"","meta":{"_uag_custom_page_level_css":"","_themeisle_gutenberg_block_has_review":false,"footnotes":""},"class_list":["post-9963","page","type-page","status-publish","hentry"],"uagb_featured_image_src":{"full":false,"thumbnail":false,"medium":false,"medium_large":false,"large":false,"1536x1536":false,"2048x2048":false,"320w":false,"480w":false,"800w":false},"uagb_author_info":{"display_name":"admin","author_link":"https:\/\/www.aersp.pt\/portal\/author\/admin\/"},"uagb_comment_info":0,"uagb_excerpt":"O Centro de Apoio \u00e0 Aprendizagem (CAA), previsto no Decreto-Lei n.\u00ba 54\/2018 de 6 de julho, constitui uma estrutura fundamental na concretiza\u00e7\u00e3o dos princ\u00edpios da&hellip;","_links":{"self":[{"href":"https:\/\/www.aersp.pt\/portal\/wp-json\/wp\/v2\/pages\/9963","targetHints":{"allow":["GET"]}}],"collection":[{"href":"https:\/\/www.aersp.pt\/portal\/wp-json\/wp\/v2\/pages"}],"about":[{"href":"https:\/\/www.aersp.pt\/portal\/wp-json\/wp\/v2\/types\/page"}],"author":[{"embeddable":true,"href":"https:\/\/www.aersp.pt\/portal\/wp-json\/wp\/v2\/users\/1"}],"replies":[{"embeddable":true,"href":"https:\/\/www.aersp.pt\/portal\/wp-json\/wp\/v2\/comments?post=9963"}],"version-history":[{"count":4,"href":"https:\/\/www.aersp.pt\/portal\/wp-json\/wp\/v2\/pages\/9963\/revisions"}],"predecessor-version":[{"id":9972,"href":"https:\/\/www.aersp.pt\/portal\/wp-json\/wp\/v2\/pages\/9963\/revisions\/9972"}],"wp:attachment":[{"href":"https:\/\/www.aersp.pt\/portal\/wp-json\/wp\/v2\/media?parent=9963"}],"curies":[{"name":"wp","href":"https:\/\/api.w.org\/{rel}","templated":true}]}}