{"id":9915,"date":"2026-02-22T11:58:54","date_gmt":"2026-02-22T11:58:54","guid":{"rendered":"https:\/\/www.aersp.pt\/portal\/?page_id=9915"},"modified":"2026-02-23T15:55:30","modified_gmt":"2026-02-23T15:55:30","slug":"noticias","status":"publish","type":"page","link":"https:\/\/www.aersp.pt\/portal\/noticias\/","title":{"rendered":"Not\u00edcias"},"content":{"rendered":"\n<div class=\"wp-block-stackable-feature-grid alignwide stk-block-feature-grid stk-block-columns stk-block stk-fd8d776 is-style-default\" data-block-id=\"fd8d776\"><div class=\"stk-row stk-inner-blocks has-text-align-center stk-block-content stk-content-align stk-fd8d776-column alignwide\"><\/div><\/div>\n\n\n<ul class=\"wp-block-latest-posts__list wp-block-latest-posts\"><li><div class=\"wp-block-latest-posts__featured-image alignleft\"><a href=\"https:\/\/www.aersp.pt\/portal\/2026\/03\/17\/torneio-de-xadrez-2\/\" aria-label=\"Torneio de Xadrez\"><img decoding=\"async\" width=\"150\" height=\"150\" src=\"https:\/\/www.aersp.pt\/portal\/wp-content\/uploads\/2026\/03\/6-150x150.jpg\" class=\"attachment-thumbnail size-thumbnail wp-post-image\" alt=\"\" style=\"max-width:150px;max-height:150px;\" \/><\/a><\/div><a class=\"wp-block-latest-posts__post-title\" href=\"https:\/\/www.aersp.pt\/portal\/2026\/03\/17\/torneio-de-xadrez-2\/\">Torneio de Xadrez<\/a><div class=\"wp-block-latest-posts__post-excerpt\">No passado dia 12 de mar\u00e7o, realizou-se o segundo torneio de xadrez, no \u00e2mbito do desporto escolar (DE), referente ao ano letivo 2025-26. A competi\u00e7\u00e3o teve lugar na escola Jo\u00e3o Roiz,&hellip;<\/div><\/li>\n<li><div class=\"wp-block-latest-posts__featured-image alignleft\"><a href=\"https:\/\/www.aersp.pt\/portal\/2026\/03\/16\/boccia-campeonato-distrital\/\" aria-label=\"Boccia &#8211; Campeonato Distrital &#8211;\"><img decoding=\"async\" width=\"150\" height=\"150\" src=\"https:\/\/www.aersp.pt\/portal\/wp-content\/uploads\/2026\/03\/campeonatodistritaldeboccia__2__1_2500_2500-150x150.jpg\" class=\"attachment-thumbnail size-thumbnail wp-post-image\" alt=\"\" style=\"max-width:150px;max-height:150px;\" \/><\/a><\/div><a class=\"wp-block-latest-posts__post-title\" href=\"https:\/\/www.aersp.pt\/portal\/2026\/03\/16\/boccia-campeonato-distrital\/\">Boccia &#8211; Campeonato Distrital &#8211;<\/a><div class=\"wp-block-latest-posts__post-excerpt\">O Agrupamento de Escolar Ribeiro Sanches (AERS) recebeu dia 13 de mar\u00e7o de 2026 a final de individuais I3 do campeonato distrital de Boccia, prova que contou com a participa\u00e7\u00e3o de&hellip;<\/div><\/li>\n<li><div class=\"wp-block-latest-posts__featured-image alignleft\"><a href=\"https:\/\/www.aersp.pt\/portal\/2026\/03\/16\/dia-do-patrono-2026\/\" aria-label=\"Dia do Patrono &#8211; 2026\"><img decoding=\"async\" width=\"150\" height=\"150\" src=\"https:\/\/www.aersp.pt\/portal\/wp-content\/uploads\/2026\/03\/diadopatrono_aers__1__1_2500_2500-150x150.jpg\" class=\"attachment-thumbnail size-thumbnail wp-post-image\" alt=\"\" style=\"max-width:150px;max-height:150px;\" \/><\/a><\/div><a class=\"wp-block-latest-posts__post-title\" href=\"https:\/\/www.aersp.pt\/portal\/2026\/03\/16\/dia-do-patrono-2026\/\">Dia do Patrono &#8211; 2026<\/a><div class=\"wp-block-latest-posts__post-excerpt\">O Agrupamento de Escolas Ribeiro Sanches (AERS) assinalou o Dia do Patrono, dia 10 de mar\u00e7o, uma data que assinala o anivers\u00e1rio de Ant\u00f3nio Nunes Ribeiro Sanches, celebrado a 7 de&hellip;<\/div><\/li>\n<li><div class=\"wp-block-latest-posts__featured-image alignleft\"><a href=\"https:\/\/www.aersp.pt\/portal\/2026\/03\/04\/visita-a-casa-museu-fernando-pessoa\/\" aria-label=\"Visita \u00e0 Casa Museu Fernando Pessoa\"><img loading=\"lazy\" decoding=\"async\" width=\"150\" height=\"150\" src=\"https:\/\/www.aersp.pt\/portal\/wp-content\/uploads\/2026\/03\/IMG-20260227-WA0097-150x150.jpg\" class=\"attachment-thumbnail size-thumbnail wp-post-image\" alt=\"\" style=\"max-width:150px;max-height:150px;\" \/><\/a><\/div><a class=\"wp-block-latest-posts__post-title\" href=\"https:\/\/www.aersp.pt\/portal\/2026\/03\/04\/visita-a-casa-museu-fernando-pessoa\/\">Visita \u00e0 Casa Museu Fernando Pessoa<\/a><div class=\"wp-block-latest-posts__post-excerpt\">No passado dia 26 de fevereiro, os alunos do 12.\u00ba ano foram conhecer os lugares emblem\u00e1ticos associados a Fernando Pessoa, acompanhados pelas professoras de Hist\u00f3ria A e Portugu\u00eas. A atividade iniciou-se&hellip;<\/div><\/li>\n<li><div class=\"wp-block-latest-posts__featured-image alignleft\"><a href=\"https:\/\/www.aersp.pt\/portal\/2026\/03\/04\/visita-virtual-ao-museu-papel-moeda-e-olimpiadas-de-educacao-financeira\/\" aria-label=\"Visita Virtual ao Museu Papel Moeda e Olimp\u00edadas de Educa\u00e7\u00e3o Financeira\u00a0\"><img loading=\"lazy\" decoding=\"async\" width=\"150\" height=\"150\" src=\"https:\/\/www.aersp.pt\/portal\/wp-content\/uploads\/2026\/03\/IMG_20260302_151833-150x150.jpg\" class=\"attachment-thumbnail size-thumbnail wp-post-image\" alt=\"\" style=\"max-width:150px;max-height:150px;\" \/><\/a><\/div><a class=\"wp-block-latest-posts__post-title\" href=\"https:\/\/www.aersp.pt\/portal\/2026\/03\/04\/visita-virtual-ao-museu-papel-moeda-e-olimpiadas-de-educacao-financeira\/\">Visita Virtual ao Museu Papel Moeda e Olimp\u00edadas de Educa\u00e7\u00e3o Financeira\u00a0<\/a><div class=\"wp-block-latest-posts__post-excerpt\">No dia 2 de mar\u00e7o a turma 9.\u00baB participou, na aula da disciplina de Cidadania e Desenvolvimento, na visita virtual ao Museu Papel Moeda no \u00e2mbito do projeto &#8220;No poupar est\u00e1&hellip;<\/div><\/li>\n<li><div class=\"wp-block-latest-posts__featured-image alignleft\"><a href=\"https:\/\/www.aersp.pt\/portal\/2026\/02\/12\/relatorio-comparativo-dos-questionarios-selfie\/\" aria-label=\"Relat\u00f3rio comparativo dos question\u00e1rios SELFIE\"><img loading=\"lazy\" decoding=\"async\" width=\"150\" height=\"150\" src=\"https:\/\/www.aersp.pt\/portal\/wp-content\/uploads\/2026\/02\/relatorio_SELFIE-150x150.png\" class=\"attachment-thumbnail size-thumbnail wp-post-image\" alt=\"\" style=\"max-width:150px;max-height:150px;\" \/><\/a><\/div><a class=\"wp-block-latest-posts__post-title\" href=\"https:\/\/www.aersp.pt\/portal\/2026\/02\/12\/relatorio-comparativo-dos-questionarios-selfie\/\">Relat\u00f3rio comparativo dos question\u00e1rios SELFIE<\/a><div class=\"wp-block-latest-posts__post-excerpt\"><\/div><\/li>\n<li><div class=\"wp-block-latest-posts__featured-image alignleft\"><a href=\"https:\/\/www.aersp.pt\/portal\/2026\/02\/03\/erasmus\/\" aria-label=\"Erasmus+\"><img loading=\"lazy\" decoding=\"async\" width=\"150\" height=\"150\" src=\"https:\/\/www.aersp.pt\/portal\/wp-content\/uploads\/2026\/02\/eu-erasmus_24_1-150x150.jpg\" class=\"attachment-thumbnail size-thumbnail wp-post-image\" alt=\"\" style=\"max-width:150px;max-height:150px;\" \/><\/a><\/div><a class=\"wp-block-latest-posts__post-title\" href=\"https:\/\/www.aersp.pt\/portal\/2026\/02\/03\/erasmus\/\">Erasmus+<\/a><div class=\"wp-block-latest-posts__post-excerpt\">Documentos<\/div><\/li>\n<li><div class=\"wp-block-latest-posts__featured-image alignleft\"><a href=\"https:\/\/www.aersp.pt\/portal\/2026\/01\/26\/palestra-inclusiva-com-paulo-azevedo-o-dificil-nao-significa-impossivel\/\" aria-label=\"Palestra Inclusiva com Paulo Azevedo: &#8220;O Dif\u00edcil N\u00e3o Significa Imposs\u00edvel&#8221;.\"><img loading=\"lazy\" decoding=\"async\" width=\"150\" height=\"150\" src=\"https:\/\/www.aersp.pt\/portal\/wp-content\/uploads\/2026\/01\/IMG-20260121-WA0015-150x150.jpg\" class=\"attachment-thumbnail size-thumbnail wp-post-image\" alt=\"\" style=\"max-width:150px;max-height:150px;\" \/><\/a><\/div><a class=\"wp-block-latest-posts__post-title\" href=\"https:\/\/www.aersp.pt\/portal\/2026\/01\/26\/palestra-inclusiva-com-paulo-azevedo-o-dificil-nao-significa-impossivel\/\">Palestra Inclusiva com Paulo Azevedo: &#8220;O Dif\u00edcil N\u00e3o Significa Imposs\u00edvel&#8221;.<\/a><div class=\"wp-block-latest-posts__post-excerpt\">O dia tr\u00eas de dezembro, foi a data estabelecida pelas Na\u00e7\u00f5es Unidas, em 1992, para comemorar o Dia Internacional das Pessoas com Defici\u00eancia. Esta comemora\u00e7\u00e3o tem como objetivo promover uma maior&hellip;<\/div><\/li>\n<li><div class=\"wp-block-latest-posts__featured-image alignleft\"><a href=\"https:\/\/www.aersp.pt\/portal\/2026\/01\/26\/1o-torneio-de-xadrez\/\" aria-label=\"1\u00ba Torneio de Xadrez\"><img loading=\"lazy\" decoding=\"async\" width=\"150\" height=\"150\" src=\"https:\/\/www.aersp.pt\/portal\/wp-content\/uploads\/2026\/01\/5-150x150.jpg\" class=\"attachment-thumbnail size-thumbnail wp-post-image\" alt=\"\" style=\"max-width:150px;max-height:150px;\" \/><\/a><\/div><a class=\"wp-block-latest-posts__post-title\" href=\"https:\/\/www.aersp.pt\/portal\/2026\/01\/26\/1o-torneio-de-xadrez\/\">1\u00ba Torneio de Xadrez<\/a><div class=\"wp-block-latest-posts__post-excerpt\">No passado dia 19 de janeiro, realizou-se o primeiro torneio de xadrez, no \u00e2mbito do desporto escolar (DE), referente ao ano letivo 2025-26.A competi\u00e7\u00e3o teve lugar na escola Jos\u00e9 Sanches, em&hellip;<\/div><\/li>\n<li><div class=\"wp-block-latest-posts__featured-image alignleft\"><a href=\"https:\/\/www.aersp.pt\/portal\/2026\/01\/13\/parlamento-dos-jovens-3\/\" aria-label=\"Parlamento dos Jovens\"><img loading=\"lazy\" decoding=\"async\" width=\"150\" height=\"150\" src=\"https:\/\/www.aersp.pt\/portal\/wp-content\/uploads\/2026\/01\/IMG_9144-150x150.jpeg\" class=\"attachment-thumbnail size-thumbnail wp-post-image\" alt=\"\" style=\"max-width:150px;max-height:150px;\" \/><\/a><\/div><a class=\"wp-block-latest-posts__post-title\" href=\"https:\/\/www.aersp.pt\/portal\/2026\/01\/13\/parlamento-dos-jovens-3\/\">Parlamento dos Jovens<\/a><div class=\"wp-block-latest-posts__post-excerpt\">&nbsp;No \u00e2mbito do projeto&nbsp;Parlamento dos Jovens, em articula\u00e7\u00e3o com os dom\u00ednios de&nbsp;Cidadania e Desenvolvimento, realizou-se no dia 12 de janeiro uma sess\u00e3o de debate subordinada ao lema&nbsp;\u201cLiteracia Financeira \u2013 os jovens&hellip;<\/div><\/li>\n<li><div class=\"wp-block-latest-posts__featured-image alignleft\"><a href=\"https:\/\/www.aersp.pt\/portal\/2026\/01\/08\/pra\/\" aria-label=\"PRA\"><img loading=\"lazy\" decoding=\"async\" width=\"150\" height=\"150\" src=\"https:\/\/www.aersp.pt\/portal\/wp-content\/uploads\/2026\/01\/PRA_AERSP-150x150.jpg\" class=\"attachment-thumbnail size-thumbnail wp-post-image\" alt=\"\" style=\"max-width:150px;max-height:150px;\" \/><\/a><\/div><a class=\"wp-block-latest-posts__post-title\" href=\"https:\/\/www.aersp.pt\/portal\/2026\/01\/08\/pra\/\">PRA<\/a><div class=\"wp-block-latest-posts__post-excerpt\">Recupera\u00e7\u00e3o das Aprendizagens, Promo\u00e7\u00e3o do Sucesso e Combate \u00e0s Desigualdades (PRA) &nbsp;<\/div><\/li>\n<li><div class=\"wp-block-latest-posts__featured-image alignleft\"><a href=\"https:\/\/www.aersp.pt\/portal\/2026\/01\/06\/informar-para-crescer-sic-explica-me\/\" aria-label=\"\u00a0Informar para Crescer &#8211; SIC Explica-me\"><img loading=\"lazy\" decoding=\"async\" width=\"150\" height=\"150\" src=\"https:\/\/www.aersp.pt\/portal\/wp-content\/uploads\/2026\/01\/image-150x150.png\" class=\"attachment-thumbnail size-thumbnail wp-post-image\" alt=\"\" style=\"max-width:150px;max-height:150px;\" \/><\/a><\/div><a class=\"wp-block-latest-posts__post-title\" href=\"https:\/\/www.aersp.pt\/portal\/2026\/01\/06\/informar-para-crescer-sic-explica-me\/\">\u00a0Informar para Crescer &#8211; SIC Explica-me<\/a><div class=\"wp-block-latest-posts__post-excerpt\">Os alunos do 4.\u00ba e 5.\u00ba anos do AERS aceitaram o desafio lan\u00e7ado pela iniciativa \u201cSIC Explica-me\u201d\u2013&nbsp;Informar para Crescer &#8211; SIC Explica-me,&nbsp;&nbsp;&nbsp;um projeto da SIC Not\u00edcias, cujo objetivo \u00e9 promover a&hellip;<\/div><\/li>\n<li><div class=\"wp-block-latest-posts__featured-image alignleft\"><a href=\"https:\/\/www.aersp.pt\/portal\/2025\/12\/19\/formacao-bases-praticas-sobre-autismo-no-agrupamento-de-escolas-ribeiro-sanches\/\" aria-label=\"Forma\u00e7\u00e3o \u201cBases Pr\u00e1ticas sobre Autismo\u201d no Agrupamento de Escolas Ribeiro Sanches\"><img loading=\"lazy\" decoding=\"async\" width=\"150\" height=\"150\" src=\"https:\/\/www.aersp.pt\/portal\/wp-content\/uploads\/2025\/12\/IMG_8944-150x150.jpg\" class=\"attachment-thumbnail size-thumbnail wp-post-image\" alt=\"\" style=\"max-width:150px;max-height:150px;\" \/><\/a><\/div><a class=\"wp-block-latest-posts__post-title\" href=\"https:\/\/www.aersp.pt\/portal\/2025\/12\/19\/formacao-bases-praticas-sobre-autismo-no-agrupamento-de-escolas-ribeiro-sanches\/\">Forma\u00e7\u00e3o \u201cBases Pr\u00e1ticas sobre Autismo\u201d no Agrupamento de Escolas Ribeiro Sanches<\/a><div class=\"wp-block-latest-posts__post-excerpt\">O Agrupamento de Escolas Ribeiro Sanches promoveu, nos dias&nbsp;18 e 19 de dezembro, a forma\u00e7\u00e3o&nbsp;\u201cBases Pr\u00e1ticas sobre Autismo\u201d, dinamizada pela formadora&nbsp;Catarina Lou\u00e7ada. Esta a\u00e7\u00e3o formativa teve como objetivo refor\u00e7ar conhecimentos e&hellip;<\/div><\/li>\n<li><div class=\"wp-block-latest-posts__featured-image alignleft\"><a href=\"https:\/\/www.aersp.pt\/portal\/2025\/12\/18\/mensagem-de-natal-portugues-lingua-nao-materna\/\" aria-label=\"&#8211; Mensagem de Natal &#8211; Portugu\u00eas L\u00edngua N\u00e3o Materna\"><img loading=\"lazy\" decoding=\"async\" width=\"150\" height=\"150\" src=\"https:\/\/www.aersp.pt\/portal\/wp-content\/uploads\/2025\/12\/1000036828-150x150.jpg\" class=\"attachment-thumbnail size-thumbnail wp-post-image\" alt=\"\" style=\"max-width:150px;max-height:150px;\" \/><\/a><\/div><a class=\"wp-block-latest-posts__post-title\" href=\"https:\/\/www.aersp.pt\/portal\/2025\/12\/18\/mensagem-de-natal-portugues-lingua-nao-materna\/\">&#8211; Mensagem de Natal &#8211; Portugu\u00eas L\u00edngua N\u00e3o Materna<\/a><div class=\"wp-block-latest-posts__post-excerpt\">As aulas do 1.\u00ba ciclo terminaram hoje e, na disciplina de Portugu\u00eas L\u00edngua N\u00e3o Materna, foi realizado um momento de di\u00e1logo e partilha sobre a quadra natal\u00edcia, promovendo a troca de&hellip;<\/div><\/li>\n<li><div class=\"wp-block-latest-posts__featured-image alignleft\"><a href=\"https:\/\/www.aersp.pt\/portal\/2025\/12\/18\/semana-da-inclusao\/\" aria-label=\"Semana da Inclus\u00e3o\"><img loading=\"lazy\" decoding=\"async\" width=\"150\" height=\"150\" src=\"https:\/\/www.aersp.pt\/portal\/wp-content\/uploads\/2025\/12\/1000036984-150x150.jpg\" class=\"attachment-thumbnail size-thumbnail wp-post-image\" alt=\"\" style=\"max-width:150px;max-height:150px;\" \/><\/a><\/div><a class=\"wp-block-latest-posts__post-title\" href=\"https:\/\/www.aersp.pt\/portal\/2025\/12\/18\/semana-da-inclusao\/\">Semana da Inclus\u00e3o<\/a><div class=\"wp-block-latest-posts__post-excerpt\">&#8220;Foi desta forma, na l\u00edngua do seu pa\u00eds de origem, que os alunos estrangeiros que frequentam a disciplina de Portugu\u00eas L\u00edngua N\u00e3o Materna (PLNM) apresentaram os seus votos de Boas Festas&hellip;<\/div><\/li>\n<li><div class=\"wp-block-latest-posts__featured-image alignleft\"><a href=\"https:\/\/www.aersp.pt\/portal\/2025\/12\/17\/alunos-do-agrupamento-participam-no-concerto-uma-cura-na-raia\/\" aria-label=\"Alunos do Agrupamento participam no concerto UMA CURA NA RAIA\"><img loading=\"lazy\" decoding=\"async\" width=\"150\" height=\"150\" src=\"https:\/\/www.aersp.pt\/portal\/wp-content\/uploads\/2025\/12\/WhatsApp-Image-2025-12-16-at-16.50.19-150x150.jpeg\" class=\"attachment-thumbnail size-thumbnail wp-post-image\" alt=\"\" style=\"max-width:150px;max-height:150px;\" \/><\/a><\/div><a class=\"wp-block-latest-posts__post-title\" href=\"https:\/\/www.aersp.pt\/portal\/2025\/12\/17\/alunos-do-agrupamento-participam-no-concerto-uma-cura-na-raia\/\">Alunos do Agrupamento participam no concerto UMA CURA NA RAIA<\/a><div class=\"wp-block-latest-posts__post-excerpt\">Experi\u00eancia enriquecedora refor\u00e7a compet\u00eancias art\u00edsticas e culturais Alunos do Agrupamento de Escolas Ribeiro Sanches tiveram o privil\u00e9gio de participarem no workshop Saber Gravar, orientado pelo artista residente Tiago Pereira, no \u00e2mbito&hellip;<\/div><\/li>\n<li><a class=\"wp-block-latest-posts__post-title\" href=\"https:\/\/www.aersp.pt\/portal\/2025\/12\/10\/calendario-da-avaliacao-externa-para-o-ano-letivo-2025-2026\/\">Calend\u00e1rio da Avalia\u00e7\u00e3o Externa para o Ano Letivo 2025\/2026<\/a><div class=\"wp-block-latest-posts__post-excerpt\">Inclui as datas para: \u2022 Provas de Monitoriza\u00e7\u00e3o da Aprendizagem (ModA); \u2022 Provas Finais do Ensino B\u00e1sico; \u2022 Exames Finais Nacionais do Ensino Secund\u00e1rio. Consulte o calend\u00e1rio completo aqui:&nbsp;https:\/\/diariodarepublica.pt\/&#8230;\/14616-a-2025-973407653<\/div><\/li>\n<li><div class=\"wp-block-latest-posts__featured-image alignleft\"><a href=\"https:\/\/www.aersp.pt\/portal\/2025\/12\/10\/servico-nacional-de-saude\/\" aria-label=\"Servi\u00e7o Nacional de Sa\u00fade\"><img loading=\"lazy\" decoding=\"async\" width=\"150\" height=\"150\" src=\"https:\/\/www.aersp.pt\/portal\/wp-content\/uploads\/2025\/12\/image-4-150x150.png\" class=\"attachment-thumbnail size-thumbnail wp-post-image\" alt=\"\" style=\"max-width:150px;max-height:150px;\" srcset=\"https:\/\/www.aersp.pt\/portal\/wp-content\/uploads\/2025\/12\/image-4-150x150.png 150w, https:\/\/www.aersp.pt\/portal\/wp-content\/uploads\/2025\/12\/image-4-300x300.png 300w, https:\/\/www.aersp.pt\/portal\/wp-content\/uploads\/2025\/12\/image-4-1024x1024.png 1024w, https:\/\/www.aersp.pt\/portal\/wp-content\/uploads\/2025\/12\/image-4-768x768.png 768w, https:\/\/www.aersp.pt\/portal\/wp-content\/uploads\/2025\/12\/image-4-1536x1536.png 1536w, https:\/\/www.aersp.pt\/portal\/wp-content\/uploads\/2025\/12\/image-4-320x320.png 320w, https:\/\/www.aersp.pt\/portal\/wp-content\/uploads\/2025\/12\/image-4-480x480.png 480w, https:\/\/www.aersp.pt\/portal\/wp-content\/uploads\/2025\/12\/image-4-800x800.png 800w, https:\/\/www.aersp.pt\/portal\/wp-content\/uploads\/2025\/12\/image-4.png 2048w\" sizes=\"(max-width: 150px) 100vw, 150px\" \/><\/a><\/div><a class=\"wp-block-latest-posts__post-title\" href=\"https:\/\/www.aersp.pt\/portal\/2025\/12\/10\/servico-nacional-de-saude\/\">Servi\u00e7o Nacional de Sa\u00fade<\/a><div class=\"wp-block-latest-posts__post-excerpt\"><\/div><\/li>\n<li><div class=\"wp-block-latest-posts__featured-image alignleft\"><a href=\"https:\/\/www.aersp.pt\/portal\/2025\/12\/05\/parlamento-dos-jovens-2\/\" aria-label=\"Parlamento dos Jovens\"><img loading=\"lazy\" decoding=\"async\" width=\"150\" height=\"150\" src=\"https:\/\/www.aersp.pt\/portal\/wp-content\/uploads\/2025\/12\/captura_de_ecra_2025-09-08_120326-150x150.png\" class=\"attachment-thumbnail size-thumbnail wp-post-image\" alt=\"\" style=\"max-width:150px;max-height:150px;\" \/><\/a><\/div><a class=\"wp-block-latest-posts__post-title\" href=\"https:\/\/www.aersp.pt\/portal\/2025\/12\/05\/parlamento-dos-jovens-2\/\">Parlamento dos Jovens<\/a><div class=\"wp-block-latest-posts__post-excerpt\">O programa Parlamento dos Jovens \u00e9 organizado pela Assembleia da Rep\u00fablica, em colabora\u00e7\u00e3o com outras entidades, com o objetivo de promover a educa\u00e7\u00e3o para a cidadania e o interesse dos jovens&hellip;<\/div><\/li>\n<li><div class=\"wp-block-latest-posts__featured-image alignleft\"><a href=\"https:\/\/www.aersp.pt\/portal\/2025\/12\/04\/dia-europeu-da-alimentacao-e-cozinha-saudaveis\/\" aria-label=\"Dia Europeu da Alimenta\u00e7\u00e3o e Cozinha Saud\u00e1veis\"><img loading=\"lazy\" decoding=\"async\" width=\"150\" height=\"150\" src=\"https:\/\/www.aersp.pt\/portal\/wp-content\/uploads\/2025\/12\/degustacao-150x150.jpg\" class=\"attachment-thumbnail size-thumbnail wp-post-image\" alt=\"\" style=\"max-width:150px;max-height:150px;\" \/><\/a><\/div><a class=\"wp-block-latest-posts__post-title\" href=\"https:\/\/www.aersp.pt\/portal\/2025\/12\/04\/dia-europeu-da-alimentacao-e-cozinha-saudaveis\/\">Dia Europeu da Alimenta\u00e7\u00e3o e Cozinha Saud\u00e1veis<\/a><div class=\"wp-block-latest-posts__post-excerpt\">O Dia Europeu da Alimenta\u00e7\u00e3o e da Cozinha Saud\u00e1veis comemora-se anualmente a&nbsp;8 de novembro nos estados membros da Uni\u00e3o Europeia. Esta data foi lan\u00e7ada pela Comiss\u00e3o Europeia com o intuito de&hellip;<\/div><\/li>\n<li><div class=\"wp-block-latest-posts__featured-image alignleft\"><a href=\"https:\/\/www.aersp.pt\/portal\/2025\/11\/13\/titulo-dia-do-kin-bal\/\" aria-label=\"Dia do Kin-bal\"><img loading=\"lazy\" decoding=\"async\" width=\"150\" height=\"150\" src=\"https:\/\/www.aersp.pt\/portal\/wp-content\/uploads\/2025\/11\/1000032005-150x150.jpg\" class=\"attachment-thumbnail size-thumbnail wp-post-image\" alt=\"\" style=\"max-width:150px;max-height:150px;\" \/><\/a><\/div><a class=\"wp-block-latest-posts__post-title\" href=\"https:\/\/www.aersp.pt\/portal\/2025\/11\/13\/titulo-dia-do-kin-bal\/\">Dia do Kin-bal<\/a><div class=\"wp-block-latest-posts__post-excerpt\">No dia 26 setembro foi realizado uma atividade de Kin-bal entre as turmas do b\u00e1sico e secund\u00e1rio.<\/div><\/li>\n<li><a class=\"wp-block-latest-posts__post-title\" href=\"https:\/\/www.aersp.pt\/portal\/2025\/09\/11\/lista-final-mediador-linguistico-e-cultural-horario-18h\/\">LISTA FINAL\u2013 MEDIADOR LINGU\u00cdSTICO E CULTURAL \u2013 HOR\u00c1RIO (18H)<\/a><div class=\"wp-block-latest-posts__post-excerpt\"><\/div><\/li>\n<li><a class=\"wp-block-latest-posts__post-title\" href=\"https:\/\/www.aersp.pt\/portal\/2025\/09\/08\/lista-de-convocados-para-entrevista-e-lista-de-excluidos-do-concurso-de-mediador-linguistico-e-cultural\/\">Lista de convocados para entrevista e Lista de exclu\u00eddos do concurso de Mediador Lingu\u00edstico e Cultural<\/a><div class=\"wp-block-latest-posts__post-excerpt\"><\/div><\/li>\n<li><div class=\"wp-block-latest-posts__featured-image alignleft\"><a href=\"https:\/\/www.aersp.pt\/portal\/2025\/09\/04\/lista-ordenada-mediador-linguistico-e-cultural-horario-18h\/\" aria-label=\"LISTA ORDENADA &#8211; MEDIADOR LINGU\u00cdSTICO E CULTURAL \u2013 HOR\u00c1RIO (18H)\"><img loading=\"lazy\" decoding=\"async\" width=\"150\" height=\"150\" src=\"https:\/\/www.aersp.pt\/portal\/wp-content\/uploads\/2025\/09\/Lista_ordenada_Mediador-150x150.jpg\" class=\"attachment-thumbnail size-thumbnail wp-post-image\" alt=\"\" style=\"max-width:150px;max-height:150px;\" \/><\/a><\/div><a class=\"wp-block-latest-posts__post-title\" href=\"https:\/\/www.aersp.pt\/portal\/2025\/09\/04\/lista-ordenada-mediador-linguistico-e-cultural-horario-18h\/\">LISTA ORDENADA &#8211; MEDIADOR LINGU\u00cdSTICO E CULTURAL \u2013 HOR\u00c1RIO (18H)<\/a><div class=\"wp-block-latest-posts__post-excerpt\"><\/div><\/li>\n<li><a class=\"wp-block-latest-posts__post-title\" href=\"https:\/\/www.aersp.pt\/portal\/2025\/09\/02\/ano-letivo-2025-2026\/\">Ano Letivo &#8211; 2025 \/ 2026<\/a><div class=\"wp-block-latest-posts__post-excerpt\">Calend\u00e1rio de funcionamento das atividades educativas e letivas dos estabelecimentos p\u00fablicos de educa\u00e7\u00e3o pr\u00e9-escolar e dos ensinos b\u00e1sico e secund\u00e1rio. Interrup\u00e7\u00f5es das atividades educativas e letivas dos estabelecimentos p\u00fablicos de educa\u00e7\u00e3o&hellip;<\/div><\/li>\n<\/ul>","protected":false},"excerpt":{"rendered":"","protected":false},"author":1,"featured_media":0,"parent":0,"menu_order":0,"comment_status":"closed","ping_status":"closed","template":"","meta":{"_uag_custom_page_level_css":"","_themeisle_gutenberg_block_has_review":false,"footnotes":""},"class_list":["post-9915","page","type-page","status-publish","hentry"],"uagb_featured_image_src":{"full":false,"thumbnail":false,"medium":false,"medium_large":false,"large":false,"1536x1536":false,"2048x2048":false,"320w":false,"480w":false,"800w":false},"uagb_author_info":{"display_name":"admin","author_link":"https:\/\/www.aersp.pt\/portal\/author\/admin\/"},"uagb_comment_info":0,"uagb_excerpt":null,"_links":{"self":[{"href":"https:\/\/www.aersp.pt\/portal\/wp-json\/wp\/v2\/pages\/9915","targetHints":{"allow":["GET"]}}],"collection":[{"href":"https:\/\/www.aersp.pt\/portal\/wp-json\/wp\/v2\/pages"}],"about":[{"href":"https:\/\/www.aersp.pt\/portal\/wp-json\/wp\/v2\/types\/page"}],"author":[{"embeddable":true,"href":"https:\/\/www.aersp.pt\/portal\/wp-json\/wp\/v2\/users\/1"}],"replies":[{"embeddable":true,"href":"https:\/\/www.aersp.pt\/portal\/wp-json\/wp\/v2\/comments?post=9915"}],"version-history":[{"count":5,"href":"https:\/\/www.aersp.pt\/portal\/wp-json\/wp\/v2\/pages\/9915\/revisions"}],"predecessor-version":[{"id":10048,"href":"https:\/\/www.aersp.pt\/portal\/wp-json\/wp\/v2\/pages\/9915\/revisions\/10048"}],"wp:attachment":[{"href":"https:\/\/www.aersp.pt\/portal\/wp-json\/wp\/v2\/media?parent=9915"}],"curies":[{"name":"wp","href":"https:\/\/api.w.org\/{rel}","templated":true}]}}