{"id":9905,"date":"2026-02-22T11:48:46","date_gmt":"2026-02-22T11:48:46","guid":{"rendered":"https:\/\/www.aersp.pt\/portal\/?page_id=9905"},"modified":"2026-02-22T11:50:04","modified_gmt":"2026-02-22T11:50:04","slug":"arquivo-teatro-quebra-gelo","status":"publish","type":"page","link":"https:\/\/www.aersp.pt\/portal\/arquivo-teatro-quebra-gelo\/","title":{"rendered":"Arquivo &#8211; Teatro &#8211; Quebra Gelo"},"content":{"rendered":"\n<p>\u00abDurante o ano letivo o grupo de teatro Quebra_gelo do Agrupamento de Escolas Ribeiro Sanches, apesar das conting\u00eancias&nbsp;do confinamento&nbsp;por causa da pandemia, manteve as suas atividades. Para o final do ano letivo, os elementos do grupo constru\u00edram um pequeno projeto dram\u00e1tico que resultou na leitura expressiva de poemas de autores portugueses, como Manuel Ant\u00f3nio Pina, Jo\u00e3o Pedro M\u00e9sseder ou Ant\u00f3nio Gede\u00e3o, por diferentes espa\u00e7os da escola-sede. Recolha essa que foi feita pelos alunos Guilherme Fernandes (5.\u00baB) Daniel Fernandes e Miguel Justino (7.\u00baA), Pedro Vinagre (8.\u00ba B) e Jos\u00e9 Fatela (11.\u00ba A\/B). Por isso, o t\u00edtulo&nbsp;<em>A poesia anda pela escola<\/em>. Como ainda n\u00e3o foi poss\u00edvel apresentar ao vivo e no audit\u00f3rio da escola, o projeto est\u00e1 a ser transmitido por v\u00eddeo. Para finalizar, o grupo quer agradecer a ajuda das docentes Antonieta Salgueiro e Carolina Longo, e da assistente operacional, Lu\u00edsa Carreirinho.\u00bb<\/p>\n\n\n\n<div class=\"wp-block-columns is-layout-flex wp-container-core-columns-is-layout-1 wp-block-columns-is-layout-flex\">\n<div class=\"wp-block-column is-layout-flow wp-block-column-is-layout-flow\">\n<figure class=\"wp-block-image size-large\"><img fetchpriority=\"high\" decoding=\"async\" width=\"1024\" height=\"869\" src=\"https:\/\/www.aersp.pt\/portal\/wp-content\/uploads\/2021\/06\/cartaz_2-1024x869.jpg\" alt=\"\" class=\"wp-image-3333\" srcset=\"https:\/\/www.aersp.pt\/portal\/wp-content\/uploads\/2021\/06\/cartaz_2-1024x869.jpg 1024w, https:\/\/www.aersp.pt\/portal\/wp-content\/uploads\/2021\/06\/cartaz_2-300x255.jpg 300w, https:\/\/www.aersp.pt\/portal\/wp-content\/uploads\/2021\/06\/cartaz_2-768x652.jpg 768w, https:\/\/www.aersp.pt\/portal\/wp-content\/uploads\/2021\/06\/cartaz_2.jpg 1179w\" sizes=\"(max-width: 1024px) 100vw, 1024px\" \/><\/figure>\n<\/div>\n\n\n\n<div class=\"wp-block-column is-layout-flow wp-block-column-is-layout-flow\">\n<figure class=\"wp-block-video\"><video controls preload=\"auto\" src=\"https:\/\/www.aersp.pt\/portal\/wp-content\/uploads\/2021\/06\/grupo-teatro-quebra-gelo.mp4\"><\/video><figcaption class=\"wp-element-caption\">V\u00eddeo &#8211; Pequeno projeto dram\u00e1tico.<\/figcaption><\/figure>\n<\/div>\n<\/div>\n\n\n\n<div style=\"height:54px\" aria-hidden=\"true\" class=\"wp-block-spacer\"><\/div>\n","protected":false},"excerpt":{"rendered":"<p>\u00abDurante o ano letivo o grupo de teatro Quebra_gelo do Agrupamento de Escolas Ribeiro Sanches, apesar das conting\u00eancias&nbsp;do confinamento&nbsp;por causa da pandemia, manteve as suas&hellip;<\/p>\n","protected":false},"author":1,"featured_media":0,"parent":0,"menu_order":0,"comment_status":"closed","ping_status":"closed","template":"","meta":{"_uag_custom_page_level_css":"","_themeisle_gutenberg_block_has_review":false,"footnotes":""},"class_list":["post-9905","page","type-page","status-publish","hentry"],"uagb_featured_image_src":{"full":false,"thumbnail":false,"medium":false,"medium_large":false,"large":false,"1536x1536":false,"2048x2048":false,"320w":false,"480w":false,"800w":false},"uagb_author_info":{"display_name":"admin","author_link":"https:\/\/www.aersp.pt\/portal\/author\/admin\/"},"uagb_comment_info":0,"uagb_excerpt":"\u00abDurante o ano letivo o grupo de teatro Quebra_gelo do Agrupamento de Escolas Ribeiro Sanches, apesar das conting\u00eancias&nbsp;do confinamento&nbsp;por causa da pandemia, manteve as suas&hellip;","_links":{"self":[{"href":"https:\/\/www.aersp.pt\/portal\/wp-json\/wp\/v2\/pages\/9905","targetHints":{"allow":["GET"]}}],"collection":[{"href":"https:\/\/www.aersp.pt\/portal\/wp-json\/wp\/v2\/pages"}],"about":[{"href":"https:\/\/www.aersp.pt\/portal\/wp-json\/wp\/v2\/types\/page"}],"author":[{"embeddable":true,"href":"https:\/\/www.aersp.pt\/portal\/wp-json\/wp\/v2\/users\/1"}],"replies":[{"embeddable":true,"href":"https:\/\/www.aersp.pt\/portal\/wp-json\/wp\/v2\/comments?post=9905"}],"version-history":[{"count":2,"href":"https:\/\/www.aersp.pt\/portal\/wp-json\/wp\/v2\/pages\/9905\/revisions"}],"predecessor-version":[{"id":9908,"href":"https:\/\/www.aersp.pt\/portal\/wp-json\/wp\/v2\/pages\/9905\/revisions\/9908"}],"wp:attachment":[{"href":"https:\/\/www.aersp.pt\/portal\/wp-json\/wp\/v2\/media?parent=9905"}],"curies":[{"name":"wp","href":"https:\/\/api.w.org\/{rel}","templated":true}]}}