{"id":9898,"date":"2026-02-22T11:20:35","date_gmt":"2026-02-22T11:20:35","guid":{"rendered":"https:\/\/www.aersp.pt\/portal\/?page_id=9898"},"modified":"2026-02-23T11:36:37","modified_gmt":"2026-02-23T11:36:37","slug":"oferta-formativa-do-aers","status":"publish","type":"page","link":"https:\/\/www.aersp.pt\/portal\/oferta-formativa-do-aers\/","title":{"rendered":"Oferta Formativa do AERS"},"content":{"rendered":"\n<p><\/p>\n\n\n\n<p>&#8211; Educa\u00e7\u00e3o Pr\u00e9-Escolar<\/p>\n\n\n\n<p> &#8211; Ensino B\u00e1sico &#8211; 1.\u00ba Ciclo<\/p>\n\n\n\n<p> &#8211; Ensino B\u00e1sico Geral &#8211; 2.\u00ba e 3.\u00ba Ciclos<\/p>\n\n\n\n<p>&#8211; Curso B\u00e1sico de M\u00fasica &#8211; 2.\u00ba e 3.\u00ba Ciclos (Ensino especializado da m\u00fasica em parceria com a Academia de M\u00fasica e Dan\u00e7a do Fund\u00e3o)<\/p>\n\n\n\n<p> &#8211; Ensino Secund\u00e1rio &#8211; Cursos Cient\u00edfico-Human\u00edsticos:<\/p>\n\n\n\n<ul>\n<li>Ci\u00eancias e Tecnologias<\/li>\n\n\n\n<li>L\u00ednguas e Humanidades<\/li>\n<\/ul>\n\n\n\n<div style=\"height:65px\" aria-hidden=\"true\" class=\"wp-block-spacer\"><\/div>\n","protected":false},"excerpt":{"rendered":"<p>&#8211; Educa\u00e7\u00e3o Pr\u00e9-Escolar &#8211; Ensino B\u00e1sico &#8211; 1.\u00ba Ciclo &#8211; Ensino B\u00e1sico Geral &#8211; 2.\u00ba e 3.\u00ba Ciclos &#8211; Curso B\u00e1sico de M\u00fasica &#8211; 2.\u00ba&hellip;<\/p>\n","protected":false},"author":1,"featured_media":0,"parent":0,"menu_order":0,"comment_status":"closed","ping_status":"closed","template":"","meta":{"_uag_custom_page_level_css":"","_themeisle_gutenberg_block_has_review":false,"footnotes":""},"class_list":["post-9898","page","type-page","status-publish","hentry"],"uagb_featured_image_src":{"full":false,"thumbnail":false,"medium":false,"medium_large":false,"large":false,"1536x1536":false,"2048x2048":false,"320w":false,"480w":false,"800w":false},"uagb_author_info":{"display_name":"admin","author_link":"https:\/\/www.aersp.pt\/portal\/author\/admin\/"},"uagb_comment_info":0,"uagb_excerpt":"&#8211; Educa\u00e7\u00e3o Pr\u00e9-Escolar &#8211; Ensino B\u00e1sico &#8211; 1.\u00ba Ciclo &#8211; Ensino B\u00e1sico Geral &#8211; 2.\u00ba e 3.\u00ba Ciclos &#8211; Curso B\u00e1sico de M\u00fasica &#8211; 2.\u00ba&hellip;","_links":{"self":[{"href":"https:\/\/www.aersp.pt\/portal\/wp-json\/wp\/v2\/pages\/9898","targetHints":{"allow":["GET"]}}],"collection":[{"href":"https:\/\/www.aersp.pt\/portal\/wp-json\/wp\/v2\/pages"}],"about":[{"href":"https:\/\/www.aersp.pt\/portal\/wp-json\/wp\/v2\/types\/page"}],"author":[{"embeddable":true,"href":"https:\/\/www.aersp.pt\/portal\/wp-json\/wp\/v2\/users\/1"}],"replies":[{"embeddable":true,"href":"https:\/\/www.aersp.pt\/portal\/wp-json\/wp\/v2\/comments?post=9898"}],"version-history":[{"count":3,"href":"https:\/\/www.aersp.pt\/portal\/wp-json\/wp\/v2\/pages\/9898\/revisions"}],"predecessor-version":[{"id":10008,"href":"https:\/\/www.aersp.pt\/portal\/wp-json\/wp\/v2\/pages\/9898\/revisions\/10008"}],"wp:attachment":[{"href":"https:\/\/www.aersp.pt\/portal\/wp-json\/wp\/v2\/media?parent=9898"}],"curies":[{"name":"wp","href":"https:\/\/api.w.org\/{rel}","templated":true}]}}