{"id":9793,"date":"2026-02-18T17:40:38","date_gmt":"2026-02-18T17:40:38","guid":{"rendered":"https:\/\/www.aersp.pt\/portal\/?page_id=9793"},"modified":"2026-02-22T22:53:13","modified_gmt":"2026-02-22T22:53:13","slug":"planos-projetos","status":"publish","type":"page","link":"https:\/\/www.aersp.pt\/portal\/planos-projetos\/","title":{"rendered":"Clubes &#038; Projetos"},"content":{"rendered":"\n<div class=\"wp-block-stackable-feature-grid alignwide stk-block-feature-grid stk-block-columns stk-block stk-774b982 is-style-default\" data-block-id=\"774b982\"><div class=\"stk-row stk-inner-blocks has-text-align-center stk-block-content stk-content-align stk-774b982-column alignwide\">\n<div class=\"wp-block-stackable-column stk-block-column stk-column stk-block stk-ee7bbf1\" data-v=\"4\" data-block-id=\"ee7bbf1\"><div class=\"stk-column-wrapper stk-block-column__content stk-container stk-ee7bbf1-container stk-hover-parent\"><div class=\"stk-block-content stk-inner-blocks stk-ee7bbf1-inner-blocks\">\n<div class=\"wp-block-stackable-image stk-block-image stk-block stk-c7d417a\" data-block-id=\"c7d417a\"><style>.stk-c7d417a .stk-img-wrapper{width:96% !important;height:289px !important;}<\/style><figure><span class=\"stk-img-wrapper stk-image--shape-stretch\"><img fetchpriority=\"high\" decoding=\"async\" class=\"stk-img wp-image-9794\" src=\"https:\/\/www.aersp.pt\/portal\/wp-content\/uploads\/2026\/02\/1000017579-1-e1770812291714.jpg\" width=\"1550\" height=\"1505\" srcset=\"https:\/\/www.aersp.pt\/portal\/wp-content\/uploads\/2026\/02\/1000017579-1-e1770812291714.jpg 1550w, https:\/\/www.aersp.pt\/portal\/wp-content\/uploads\/2026\/02\/1000017579-1-e1770812291714-300x291.jpg 300w, https:\/\/www.aersp.pt\/portal\/wp-content\/uploads\/2026\/02\/1000017579-1-e1770812291714-1024x994.jpg 1024w, https:\/\/www.aersp.pt\/portal\/wp-content\/uploads\/2026\/02\/1000017579-1-e1770812291714-768x746.jpg 768w, https:\/\/www.aersp.pt\/portal\/wp-content\/uploads\/2026\/02\/1000017579-1-e1770812291714-1536x1491.jpg 1536w, https:\/\/www.aersp.pt\/portal\/wp-content\/uploads\/2026\/02\/1000017579-1-e1770812291714-320x311.jpg 320w, https:\/\/www.aersp.pt\/portal\/wp-content\/uploads\/2026\/02\/1000017579-1-e1770812291714-480x466.jpg 480w, https:\/\/www.aersp.pt\/portal\/wp-content\/uploads\/2026\/02\/1000017579-1-e1770812291714-800x777.jpg 800w\" sizes=\"(max-width: 1550px) 100vw, 1550px\" \/><\/span><\/figure><\/div>\n\n\n\n<div class=\"wp-block-stackable-heading stk-block-heading stk-block-heading--v2 stk-block stk-27cd1ac\" id=\"strong-a-href-https-www-aersp-pt-portal-radio-escola-rers-data-type-page-data-id-9819-radio-escola-a-strong\" data-block-id=\"27cd1ac\"><h3 class=\"stk-block-heading__text\"><strong><a href=\"https:\/\/www.aersp.pt\/portal\/radio-escola-rers\/\" data-type=\"page\" data-id=\"9819\">R\u00e1dio Escola<\/a><\/strong><\/h3><\/div>\n\n\n\n<div class=\"wp-block-stackable-text stk-block-text stk-block stk-c8c7a90\" data-block-id=\"c8c7a90\"><p class=\"stk-block-text__text\"><\/p><\/div>\n<\/div><\/div><\/div>\n\n\n\n<div class=\"wp-block-stackable-column stk-block-column stk-column stk-block stk-9f5e16a\" data-v=\"4\" data-block-id=\"9f5e16a\"><div class=\"stk-column-wrapper stk-block-column__content stk-container stk-9f5e16a-container stk-hover-parent\"><div class=\"stk-block-content stk-inner-blocks stk-9f5e16a-inner-blocks\">\n<div class=\"wp-block-stackable-image stk-block-image stk-block stk-fbf5be1\" data-block-id=\"fbf5be1\"><figure><span class=\"stk-img-wrapper stk-image--shape-stretch\"><img decoding=\"async\" class=\"stk-img wp-image-9795\" src=\"https:\/\/www.aersp.pt\/portal\/wp-content\/uploads\/2026\/02\/Logo_PNC.png\" width=\"220\" height=\"113\"\/><\/span><\/figure><\/div>\n\n\n\n<div class=\"wp-block-stackable-heading stk-block-heading stk-block-heading--v2 stk-block stk-bee2b34\" id=\"strong-a-href-https-www-aersp-pt-portal-2017-12-15-plano-nacional-de-cinema-plano-nacional-de-cinema-a-strong\" data-block-id=\"bee2b34\"><h3 class=\"stk-block-heading__text\"><strong><a href=\"https:\/\/www.aersp.pt\/portal\/2017\/12\/15\/plano-nacional-de-cinema\/\">Plano Nacional de Cinema<\/a><\/strong><\/h3><\/div>\n\n\n\n<div class=\"wp-block-stackable-text stk-block-text stk-block stk-cf25d80\" data-block-id=\"cf25d80\"><p class=\"stk-block-text__text\"><\/p><\/div>\n<\/div><\/div><\/div>\n\n\n\n<div class=\"wp-block-stackable-column stk-block-column stk-column stk-block stk-841640a\" data-v=\"4\" data-block-id=\"841640a\"><div class=\"stk-column-wrapper stk-block-column__content stk-container stk-841640a-container stk-hover-parent\"><div class=\"stk-block-content stk-inner-blocks stk-841640a-inner-blocks\">\n<div class=\"wp-block-stackable-image stk-block-image stk-block stk-a838442\" data-block-id=\"a838442\"><style>.stk-a838442 .stk-img-wrapper{width:90% !important;height:268px !important;}<\/style><figure><span class=\"stk-img-wrapper stk-image--shape-stretch\"><img decoding=\"async\" class=\"stk-img wp-image-9796\" src=\"https:\/\/www.aersp.pt\/portal\/wp-content\/uploads\/2026\/02\/logo_pna_preto.png\" width=\"401\" height=\"393\" srcset=\"https:\/\/www.aersp.pt\/portal\/wp-content\/uploads\/2026\/02\/logo_pna_preto.png 401w, https:\/\/www.aersp.pt\/portal\/wp-content\/uploads\/2026\/02\/logo_pna_preto-300x294.png 300w, https:\/\/www.aersp.pt\/portal\/wp-content\/uploads\/2026\/02\/logo_pna_preto-320x314.png 320w\" sizes=\"(max-width: 401px) 100vw, 401px\" \/><\/span><\/figure><\/div>\n\n\n\n<div class=\"wp-block-stackable-heading stk-block-heading stk-block-heading--v2 stk-block stk-10e7d2d\" id=\"strong-a-href-https-www-aersp-pt-portal-plano-nacional-das-artes-plano-nacional-das-artes-a-strong\" data-block-id=\"10e7d2d\"><h3 class=\"stk-block-heading__text\"><strong><a href=\"https:\/\/www.aersp.pt\/portal\/plano-nacional-das-artes\/\">Plano Nacional das Artes<\/a><\/strong><\/h3><\/div>\n\n\n\n<div class=\"wp-block-stackable-text stk-block-text stk-block stk-03be5b1\" data-block-id=\"03be5b1\"><p class=\"stk-block-text__text\"><\/p><\/div>\n<\/div><\/div><\/div>\n<\/div><\/div>\n\n\n\n<div class=\"wp-block-stackable-feature-grid alignwide stk-block-feature-grid stk-block-columns stk-block stk-922570e is-style-default\" data-block-id=\"922570e\"><div class=\"stk-row stk-inner-blocks has-text-align-center stk-block-content stk-content-align stk-922570e-column alignwide\">\n<div class=\"wp-block-stackable-column stk-block-column stk-column stk-block stk-53cc5ef\" data-v=\"4\" data-block-id=\"53cc5ef\"><div class=\"stk-column-wrapper stk-block-column__content stk-container stk-53cc5ef-container stk-hover-parent\"><div class=\"stk-block-content stk-inner-blocks stk-53cc5ef-inner-blocks\">\n<div class=\"wp-block-stackable-heading stk-block-heading stk-block-heading--v2 stk-block stk-c93a270\" id=\"strong-a-href-https-www-aersp-pt-portal-2017-12-15-giaa-gabinete-de-informacao-g-a-strong\" data-block-id=\"c93a270\"><h3 class=\"stk-block-heading__text\"><img loading=\"lazy\" decoding=\"async\" width=\"2560\" height=\"1749\" src=\"https:\/\/www.aersp.pt\/portal\/wp-content\/uploads\/2026\/02\/logo_bordar-scaled.png\"><\/h3><\/div>\n\n\n\n<h3 class=\"wp-block-heading\"><a href=\"https:\/\/www.aersp.pt\/portal\/bordar-em-cartao\/\"><strong>Bordar em Cart\u00e3o<\/strong><\/a><\/h3>\n<\/div><\/div><\/div>\n\n\n\n<div class=\"wp-block-stackable-column stk-block-column stk-column stk-block stk-1e98a98\" data-v=\"4\" data-block-id=\"1e98a98\"><div class=\"stk-column-wrapper stk-block-column__content stk-container stk-1e98a98-container stk-hover-parent\"><div class=\"stk-block-content stk-inner-blocks stk-1e98a98-inner-blocks\">\n<div class=\"wp-block-stackable-image stk-block-image stk-block stk-6229c6d\" data-block-id=\"6229c6d\"><figure><span class=\"stk-img-wrapper stk-image--shape-stretch\"><img loading=\"lazy\" decoding=\"async\" class=\"stk-img wp-image-9798\" src=\"https:\/\/www.aersp.pt\/portal\/wp-content\/uploads\/2026\/02\/LOGO_PARLAMANETO-JOVENS.png\" width=\"296\" height=\"71\"\/><\/span><\/figure><\/div>\n\n\n\n<div class=\"wp-block-stackable-heading stk-block-heading stk-block-heading--v2 stk-block stk-340ea67\" id=\"strong-a-href-https-www-aersp-pt-portal-parlamento-dos-jovens-parlamento-dos-jovens-a-strong\" data-block-id=\"340ea67\"><h3 class=\"stk-block-heading__text\"><strong><a href=\"https:\/\/www.aersp.pt\/portal\/parlamento-dos-jovens\/\">Parlamento dos Jovens<\/a><\/strong><\/h3><\/div>\n\n\n\n<div class=\"wp-block-stackable-text stk-block-text stk-block stk-ef954b8\" data-block-id=\"ef954b8\"><p class=\"stk-block-text__text\"><\/p><\/div>\n<\/div><\/div><\/div>\n\n\n\n<div class=\"wp-block-stackable-column stk-block-column stk-column stk-block stk-6a04f2f\" data-v=\"4\" data-block-id=\"6a04f2f\"><div class=\"stk-column-wrapper stk-block-column__content stk-container stk-6a04f2f-container stk-hover-parent\"><div class=\"stk-block-content stk-inner-blocks stk-6a04f2f-inner-blocks\">\n<div class=\"wp-block-stackable-image stk-block-image stk-block stk-d5efc83\" data-block-id=\"d5efc83\"><figure><span class=\"stk-img-wrapper stk-image--shape-stretch\"><img loading=\"lazy\" decoding=\"async\" class=\"stk-img wp-image-9799\" src=\"https:\/\/www.aersp.pt\/portal\/wp-content\/uploads\/2026\/02\/LOGO-LED-e1770812392364.jpg\" width=\"720\" height=\"614\" srcset=\"https:\/\/www.aersp.pt\/portal\/wp-content\/uploads\/2026\/02\/LOGO-LED-e1770812392364.jpg 720w, https:\/\/www.aersp.pt\/portal\/wp-content\/uploads\/2026\/02\/LOGO-LED-e1770812392364-300x256.jpg 300w, https:\/\/www.aersp.pt\/portal\/wp-content\/uploads\/2026\/02\/LOGO-LED-e1770812392364-320x273.jpg 320w, https:\/\/www.aersp.pt\/portal\/wp-content\/uploads\/2026\/02\/LOGO-LED-e1770812392364-480x409.jpg 480w\" sizes=\"(max-width: 720px) 100vw, 720px\" \/><\/span><\/figure><\/div>\n\n\n\n<div class=\"wp-block-stackable-heading stk-block-heading stk-block-heading--v2 stk-block stk-a6c1e37\" id=\"strong-a-href-https-www-aersp-pt-portal-laboratorio-de-educacao-digital-laboratorio-de-educacao-digital-a-strong\" data-block-id=\"a6c1e37\"><h3 class=\"stk-block-heading__text\"><strong><a href=\"https:\/\/www.aersp.pt\/portal\/laboratorio-de-educacao-digital\/\">Laborat\u00f3rio de Educa\u00e7\u00e3o Digital<\/a><\/strong><\/h3><\/div>\n\n\n\n<div class=\"wp-block-stackable-text stk-block-text stk-block stk-6ed60c4\" data-block-id=\"6ed60c4\"><p class=\"stk-block-text__text\"><\/p><\/div>\n<\/div><\/div><\/div>\n<\/div><\/div>\n\n\n\n<div class=\"wp-block-stackable-feature-grid alignwide stk-block-feature-grid stk-block-columns stk-block stk-bfa191e is-style-default\" data-block-id=\"bfa191e\"><div class=\"stk-row stk-inner-blocks has-text-align-center stk-block-content stk-content-align stk-bfa191e-column alignwide\">\n<div class=\"wp-block-stackable-column stk-block-column stk-column stk-block stk-dcd8d74\" data-v=\"4\" data-block-id=\"dcd8d74\"><div class=\"stk-column-wrapper stk-block-column__content stk-container stk-dcd8d74-container stk-hover-parent\"><div class=\"stk-block-content stk-inner-blocks stk-dcd8d74-inner-blocks\">\n<div class=\"wp-block-stackable-image stk-block-image stk-block stk-1cf90ca\" data-block-id=\"1cf90ca\"><figure><span class=\"stk-img-wrapper stk-image--shape-stretch\"><img loading=\"lazy\" decoding=\"async\" class=\"stk-img wp-image-9800\" src=\"https:\/\/www.aersp.pt\/portal\/wp-content\/uploads\/2026\/02\/logotipo.png\" width=\"201\" height=\"251\"\/><\/span><\/figure><\/div>\n\n\n\n<div class=\"wp-block-stackable-heading stk-block-heading stk-block-heading--v2 stk-block stk-051519a\" id=\"a-href-https-www-aersp-pt-portal-teatro-strong-clube-de-teatro-quebra-gelo-strong-a\" data-block-id=\"051519a\"><h3 class=\"stk-block-heading__text\"><a href=\"https:\/\/www.aersp.pt\/portal\/teatro\/\"><strong>Clube de Teatro Quebra Gelo<\/strong><\/a><\/h3><\/div>\n\n\n\n<div class=\"wp-block-stackable-text stk-block-text stk-block stk-ef9ee23\" data-block-id=\"ef9ee23\"><p class=\"stk-block-text__text\"><\/p><\/div>\n<\/div><\/div><\/div>\n\n\n\n<div class=\"wp-block-stackable-column stk-block-column stk-column stk-block stk-de8b620\" data-v=\"4\" data-block-id=\"de8b620\"><div class=\"stk-column-wrapper stk-block-column__content stk-container stk-de8b620-container stk-hover-parent\"><div class=\"stk-block-content stk-inner-blocks stk-de8b620-inner-blocks\">\n<div class=\"wp-block-stackable-image stk-block-image stk-block stk-ae3d255\" data-block-id=\"ae3d255\"><style>.stk-ae3d255 .stk-img-wrapper{width:81% !important;height:363px !important;}<\/style><figure><span class=\"stk-img-wrapper stk-image--shape-stretch\"><img loading=\"lazy\" decoding=\"async\" class=\"stk-img wp-image-9801\" src=\"https:\/\/www.aersp.pt\/portal\/wp-content\/uploads\/2026\/02\/Logo_CLUBE-MAT.png\" width=\"258\" height=\"362\" srcset=\"https:\/\/www.aersp.pt\/portal\/wp-content\/uploads\/2026\/02\/Logo_CLUBE-MAT.png 258w, https:\/\/www.aersp.pt\/portal\/wp-content\/uploads\/2026\/02\/Logo_CLUBE-MAT-214x300.png 214w\" sizes=\"(max-width: 258px) 100vw, 258px\" \/><\/span><\/figure><\/div>\n\n\n\n<div class=\"wp-block-stackable-heading stk-block-heading stk-block-heading--v2 stk-block stk-c4d2a8a\" id=\"strong-a-href-https-www-aersp-pt-portal-clube-de-matematica-clube-de-matematica-a-strong\" data-block-id=\"c4d2a8a\"><h3 class=\"stk-block-heading__text\"><strong><a href=\"https:\/\/www.aersp.pt\/portal\/clube-de-matematica\/\">Clube de Matem\u00e1tica<\/a><\/strong><\/h3><\/div>\n\n\n\n<div class=\"wp-block-stackable-text stk-block-text stk-block stk-a393ac5\" data-block-id=\"a393ac5\"><p class=\"stk-block-text__text\"><\/p><\/div>\n<\/div><\/div><\/div>\n\n\n\n<div class=\"wp-block-stackable-column stk-block-column stk-column stk-block stk-24bcd07\" data-v=\"4\" data-block-id=\"24bcd07\"><div class=\"stk-column-wrapper stk-block-column__content stk-container stk-24bcd07-container stk-hover-parent\"><div class=\"stk-block-content stk-inner-blocks stk-24bcd07-inner-blocks\">\n<div class=\"wp-block-stackable-image stk-block-image stk-block stk-9c96703\" data-block-id=\"9c96703\"><figure><span class=\"stk-img-wrapper stk-image--shape-stretch\"><img loading=\"lazy\" decoding=\"async\" class=\"stk-img wp-image-9863\" src=\"https:\/\/www.aersp.pt\/portal\/wp-content\/uploads\/2026\/02\/image-1.png\" width=\"206\" height=\"163\"\/><\/span><\/figure><\/div>\n\n\n\n<div class=\"wp-block-stackable-heading stk-block-heading stk-block-heading--v2 stk-block stk-866ba69\" id=\"strong-a-href-https-www-aersp-pt-portal-ciencia-viva-clube-ciencia-viva-a-strong\" data-block-id=\"866ba69\"><h3 class=\"stk-block-heading__text\"><strong><a href=\"https:\/\/www.aersp.pt\/portal\/ciencia-viva\/\">Clube Ci\u00eancia Viva<\/a><\/strong><\/h3><\/div>\n<\/div><\/div><\/div>\n<\/div><\/div>\n\n\n\n<div class=\"wp-block-stackable-feature-grid alignwide stk-block-feature-grid stk-block-columns stk-block stk-a11207c is-style-default\" data-block-id=\"a11207c\"><div class=\"stk-row stk-inner-blocks has-text-align-center stk-block-content stk-content-align stk-a11207c-column alignwide\">\n<div class=\"wp-block-stackable-column stk-block-column stk-column stk-block stk-83b457b\" data-v=\"4\" data-block-id=\"83b457b\"><div class=\"stk-column-wrapper stk-block-column__content stk-container stk-83b457b-container stk-hover-parent\"><div class=\"stk-block-content stk-inner-blocks stk-83b457b-inner-blocks\">\n<div class=\"wp-block-stackable-image stk-block-image stk-block stk-7f549b1\" data-block-id=\"7f549b1\"><style>.stk-7f549b1 .stk-img-wrapper{width:72% !important;height:233px !important;}<\/style><figure><span class=\"stk-img-wrapper stk-image--shape-stretch\"><img loading=\"lazy\" decoding=\"async\" class=\"stk-img wp-image-9869\" src=\"https:\/\/www.aersp.pt\/portal\/wp-content\/uploads\/2026\/02\/logo_decoart-1.png\" width=\"200\" height=\"201\" srcset=\"https:\/\/www.aersp.pt\/portal\/wp-content\/uploads\/2026\/02\/logo_decoart-1.png 200w, https:\/\/www.aersp.pt\/portal\/wp-content\/uploads\/2026\/02\/logo_decoart-1-150x150.png 150w\" sizes=\"(max-width: 200px) 100vw, 200px\" \/><\/span><\/figure><\/div>\n\n\n\n<div class=\"wp-block-stackable-heading stk-block-heading stk-block-heading--v2 stk-block stk-836a69c\" id=\"a-href-https-www-aersp-pt-portal-clube-decoart-strong-deco-art-strong-a\" data-block-id=\"836a69c\"><h3 class=\"stk-block-heading__text\"><a href=\"https:\/\/www.aersp.pt\/portal\/clube-decoart\/\"><strong>Deco&#8217;Art<\/strong><\/a><\/h3><\/div>\n<\/div><\/div><\/div>\n\n\n\n<div class=\"wp-block-stackable-column stk-block-column stk-column stk-block stk-5ab40bd\" data-v=\"4\" data-block-id=\"5ab40bd\"><div class=\"stk-column-wrapper stk-block-column__content stk-container stk-5ab40bd-container stk-hover-parent\"><div class=\"stk-block-content stk-inner-blocks stk-5ab40bd-inner-blocks\">\n<div class=\"wp-block-stackable-image stk-block-image stk-block stk-c89e154\" data-block-id=\"c89e154\"><figure><span class=\"stk-img-wrapper stk-image--shape-stretch\"><img loading=\"lazy\" decoding=\"async\" class=\"stk-img wp-image-9881\" src=\"https:\/\/www.aersp.pt\/portal\/wp-content\/uploads\/2026\/02\/logo.png\" width=\"220\" height=\"148\"\/><\/span><\/figure><\/div>\n\n\n\n<div class=\"wp-block-stackable-heading stk-block-heading stk-block-heading--v2 stk-block stk-39b431f\" id=\"strong-a-href-https-www-aersp-pt-portal-desporto-escolar-desporto-escolar-a-strong\" data-block-id=\"39b431f\"><h3 class=\"stk-block-heading__text\"><strong><a href=\"https:\/\/www.aersp.pt\/portal\/desporto-escolar\/\">Desporto Escolar<\/a><\/strong><\/h3><\/div>\n<\/div><\/div><\/div>\n\n\n\n<div class=\"wp-block-stackable-column stk-block-column stk-column stk-block stk-0125fb6\" data-v=\"4\" data-block-id=\"0125fb6\"><div class=\"stk-column-wrapper stk-block-column__content stk-container stk-0125fb6-container stk-hover-parent\"><div class=\"stk-block-content stk-inner-blocks stk-0125fb6-inner-blocks\">\n<div class=\"wp-block-stackable-image stk-block-image stk-block stk-5f70897\" data-block-id=\"5f70897\"><figure><span class=\"stk-img-wrapper stk-image--shape-stretch\"><img loading=\"lazy\" decoding=\"async\" class=\"stk-img wp-image-9887\" src=\"https:\/\/www.aersp.pt\/portal\/wp-content\/uploads\/2026\/02\/logo_erasmus2.png\" width=\"260\" height=\"151\"\/><\/span><\/figure><\/div>\n\n\n\n<div class=\"wp-block-stackable-heading stk-block-heading stk-block-heading--v2 stk-block stk-a40896b\" id=\"strong-a-href-https-www-aersp-pt-portal-erasmus-erasmus-a-strong\" data-block-id=\"a40896b\"><h3 class=\"stk-block-heading__text\"><strong><a href=\"https:\/\/www.aersp.pt\/portal\/erasmus\/\">Erasmus+<\/a><\/strong><\/h3><\/div>\n<\/div><\/div><\/div>\n<\/div><\/div>\n\n\n\n<div class=\"wp-block-stackable-feature-grid alignwide stk-block-feature-grid stk-block-columns stk-block stk-0883a8d is-style-default\" data-block-id=\"0883a8d\"><div class=\"stk-row stk-inner-blocks has-text-align-center stk-block-content stk-content-align stk-0883a8d-column alignwide\">\n<div class=\"wp-block-stackable-column stk-block-column stk-column stk-block stk-da8ffa4\" data-v=\"4\" data-block-id=\"da8ffa4\"><div class=\"stk-column-wrapper stk-block-column__content stk-container stk-da8ffa4-container stk-hover-parent\"><div class=\"stk-block-content stk-inner-blocks stk-da8ffa4-inner-blocks\">\n<div class=\"wp-block-stackable-image stk-block-image stk-block stk-b1469f0\" data-block-id=\"b1469f0\"><style>.stk-b1469f0 .stk-img-wrapper{width:71% !important;height:234px !important;}<\/style><figure><span class=\"stk-img-wrapper stk-image--shape-stretch\"><img loading=\"lazy\" decoding=\"async\" class=\"stk-img wp-image-9889\" src=\"https:\/\/www.aersp.pt\/portal\/wp-content\/uploads\/2026\/02\/image-2.png\" width=\"187\" height=\"190\"\/><\/span><\/figure><\/div>\n\n\n\n<div class=\"wp-block-stackable-heading stk-block-heading stk-block-heading--v2 stk-block stk-3c4f686\" id=\"strong-a-href-https-www-aersp-pt-portal-clube-europeu-clube-europeu-a-strong\" data-block-id=\"3c4f686\"><h3 class=\"stk-block-heading__text\"><strong><a href=\"https:\/\/www.aersp.pt\/portal\/clube-europeu\/\">Clube Europeu<\/a><\/strong><\/h3><\/div>\n<\/div><\/div><\/div>\n\n\n\n<div class=\"wp-block-stackable-column stk-block-column stk-column stk-block stk-e7e9c82\" data-v=\"4\" data-block-id=\"e7e9c82\"><div class=\"stk-column-wrapper stk-block-column__content stk-container stk-e7e9c82-container stk-hover-parent\"><div class=\"stk-block-content stk-inner-blocks stk-e7e9c82-inner-blocks\"><\/div><\/div><\/div>\n\n\n\n<div class=\"wp-block-stackable-column stk-block-column stk-column stk-block stk-0d2eedd\" data-v=\"4\" data-block-id=\"0d2eedd\"><div class=\"stk-column-wrapper stk-block-column__content stk-container stk-0d2eedd-container stk-hover-parent\"><div class=\"stk-block-content stk-inner-blocks stk-0d2eedd-inner-blocks\">\n<div class=\"wp-block-stackable-image stk-block-image stk-block stk-dfcdd9b\" data-block-id=\"dfcdd9b\"><style>.stk-dfcdd9b .stk-img-wrapper{width:75% !important;height:244px !important;}<\/style><figure><span class=\"stk-img-wrapper stk-image--shape-stretch\"><img loading=\"lazy\" decoding=\"async\" class=\"stk-img wp-image-9893\" src=\"https:\/\/www.aersp.pt\/portal\/wp-content\/uploads\/2026\/02\/image-3.png\" width=\"254\" height=\"253\" srcset=\"https:\/\/www.aersp.pt\/portal\/wp-content\/uploads\/2026\/02\/image-3.png 254w, https:\/\/www.aersp.pt\/portal\/wp-content\/uploads\/2026\/02\/image-3-150x150.png 150w\" sizes=\"(max-width: 254px) 100vw, 254px\" \/><\/span><\/figure><\/div>\n\n\n\n<div class=\"wp-block-stackable-heading stk-block-heading stk-block-heading--v2 stk-block stk-3843b24\" id=\"strong-a-href-https-www-aersp-pt-portal-escola-embaixadora-do-parlamento-europeu-escola-embaixadora-a-strong\" data-block-id=\"3843b24\"><h3 class=\"stk-block-heading__text\"><strong><a href=\"https:\/\/www.aersp.pt\/portal\/escola-embaixadora-do-parlamento-europeu\/\">Escola Embaixadora<\/a><\/strong><\/h3><\/div>\n<\/div><\/div><\/div>\n<\/div><\/div>\n","protected":false},"excerpt":{"rendered":"<p>R\u00e1dio Escola Plano Nacional de Cinema Plano Nacional das Artes Bordar em Cart\u00e3o Parlamento dos Jovens Laborat\u00f3rio de Educa\u00e7\u00e3o Digital Clube de Teatro Quebra Gelo&hellip;<\/p>\n","protected":false},"author":1,"featured_media":0,"parent":0,"menu_order":0,"comment_status":"closed","ping_status":"closed","template":"","meta":{"_uag_custom_page_level_css":"","_themeisle_gutenberg_block_has_review":false,"footnotes":""},"class_list":["post-9793","page","type-page","status-publish","hentry"],"uagb_featured_image_src":{"full":false,"thumbnail":false,"medium":false,"medium_large":false,"large":false,"1536x1536":false,"2048x2048":false,"320w":false,"480w":false,"800w":false},"uagb_author_info":{"display_name":"admin","author_link":"https:\/\/www.aersp.pt\/portal\/author\/admin\/"},"uagb_comment_info":0,"uagb_excerpt":"R\u00e1dio Escola Plano Nacional de Cinema Plano Nacional das Artes Bordar em Cart\u00e3o Parlamento dos Jovens Laborat\u00f3rio de Educa\u00e7\u00e3o Digital Clube de Teatro Quebra Gelo&hellip;","_links":{"self":[{"href":"https:\/\/www.aersp.pt\/portal\/wp-json\/wp\/v2\/pages\/9793","targetHints":{"allow":["GET"]}}],"collection":[{"href":"https:\/\/www.aersp.pt\/portal\/wp-json\/wp\/v2\/pages"}],"about":[{"href":"https:\/\/www.aersp.pt\/portal\/wp-json\/wp\/v2\/types\/page"}],"author":[{"embeddable":true,"href":"https:\/\/www.aersp.pt\/portal\/wp-json\/wp\/v2\/users\/1"}],"replies":[{"embeddable":true,"href":"https:\/\/www.aersp.pt\/portal\/wp-json\/wp\/v2\/comments?post=9793"}],"version-history":[{"count":24,"href":"https:\/\/www.aersp.pt\/portal\/wp-json\/wp\/v2\/pages\/9793\/revisions"}],"predecessor-version":[{"id":9988,"href":"https:\/\/www.aersp.pt\/portal\/wp-json\/wp\/v2\/pages\/9793\/revisions\/9988"}],"wp:attachment":[{"href":"https:\/\/www.aersp.pt\/portal\/wp-json\/wp\/v2\/media?parent=9793"}],"curies":[{"name":"wp","href":"https:\/\/api.w.org\/{rel}","templated":true}]}}