{"id":9564,"date":"2025-12-12T15:39:18","date_gmt":"2025-12-12T15:39:18","guid":{"rendered":"https:\/\/www.aersp.pt\/portal\/?page_id=9564"},"modified":"2026-01-07T12:22:51","modified_gmt":"2026-01-07T12:22:51","slug":"escolas","status":"publish","type":"page","link":"https:\/\/www.aersp.pt\/portal\/escolas\/","title":{"rendered":"Escolas"},"content":{"rendered":"\n<p><\/p>\n\n\n\n<div class=\"wp-block-columns are-vertically-aligned-center is-layout-flex wp-container-core-columns-is-layout-1 wp-block-columns-is-layout-flex\">\n<div class=\"wp-block-column is-vertically-aligned-center is-layout-flow wp-block-column-is-layout-flow\">\n<figure class=\"wp-block-image size-full is-resized\"><img fetchpriority=\"high\" decoding=\"async\" width=\"800\" height=\"481\" src=\"https:\/\/www.aersp.pt\/portal\/wp-content\/uploads\/2025\/12\/image-9.png\" alt=\"\" class=\"wp-image-9576\" style=\"width:407px;height:auto\" srcset=\"https:\/\/www.aersp.pt\/portal\/wp-content\/uploads\/2025\/12\/image-9.png 800w, https:\/\/www.aersp.pt\/portal\/wp-content\/uploads\/2025\/12\/image-9-300x180.png 300w, https:\/\/www.aersp.pt\/portal\/wp-content\/uploads\/2025\/12\/image-9-768x462.png 768w, https:\/\/www.aersp.pt\/portal\/wp-content\/uploads\/2025\/12\/image-9-320x192.png 320w, https:\/\/www.aersp.pt\/portal\/wp-content\/uploads\/2025\/12\/image-9-480x289.png 480w\" sizes=\"(max-width: 800px) 100vw, 800px\" \/><\/figure>\n\n\n\n<p class=\"has-text-align-left\"><strong>Centro Escolar de Penamacor<\/strong><\/p>\n<\/div>\n<\/div>\n\n\n\n<div class=\"wp-block-columns is-layout-flex wp-container-core-columns-is-layout-2 wp-block-columns-is-layout-flex\">\n<div class=\"wp-block-column is-layout-flow wp-block-column-is-layout-flow\">\n<p>A Escola \u00e9 composta por 1 edif\u00edcio contemplando no r\u00e9s do ch\u00e3o, 5 salas, uma biblioteca, sala dos professores, audit\u00f3rio e cantina.<\/p>\n\n\n\n<p>No piso -1, encontramos duas salas para a pr\u00e9, uma sala conv\u00edvio e um refeit\u00f3rio.<br>No piso \u2013 2 temos um gin\u00e1sio com equipamento adequado.<br>A Escola abarca 5 turmas do 1\u00baciclo numa m\u00e9dia de147 alunos<\/p>\n\n\n\n<p><strong>Contatos<\/strong><\/p>\n\n\n\n<p>Rua Doutor Adelino Galhardo, 6090-547 Penamacor<br>Tel.:<strong> <\/strong>277\u00a0390\u00a0090<\/p>\n\n\n\n<div style=\"height:71px\" aria-hidden=\"true\" class=\"wp-block-spacer\"><\/div>\n<\/div>\n<\/div>\n\n\n\n<figure class=\"wp-block-image size-large is-resized\"><img decoding=\"async\" width=\"1024\" height=\"682\" src=\"https:\/\/www.aersp.pt\/portal\/wp-content\/uploads\/2025\/12\/image-10-1024x682.png\" alt=\"\" class=\"wp-image-9577\" style=\"width:363px;height:auto\" srcset=\"https:\/\/www.aersp.pt\/portal\/wp-content\/uploads\/2025\/12\/image-10-1024x682.png 1024w, https:\/\/www.aersp.pt\/portal\/wp-content\/uploads\/2025\/12\/image-10-300x200.png 300w, https:\/\/www.aersp.pt\/portal\/wp-content\/uploads\/2025\/12\/image-10-768x512.png 768w, https:\/\/www.aersp.pt\/portal\/wp-content\/uploads\/2025\/12\/image-10-1536x1023.png 1536w, https:\/\/www.aersp.pt\/portal\/wp-content\/uploads\/2025\/12\/image-10-2048x1364.png 2048w, https:\/\/www.aersp.pt\/portal\/wp-content\/uploads\/2025\/12\/image-10-320x213.png 320w, https:\/\/www.aersp.pt\/portal\/wp-content\/uploads\/2025\/12\/image-10-480x320.png 480w, https:\/\/www.aersp.pt\/portal\/wp-content\/uploads\/2025\/12\/image-10-800x533.png 800w\" sizes=\"(max-width: 1024px) 100vw, 1024px\" \/><\/figure>\n\n\n\n<p><strong> Escola B\u00e1sica e Secund\u00e1ria Ribeiro Sanches<\/strong><\/p>\n\n\n\n<p>A Escola \u00e9 composta por 3 Blocos de aula, um pavilh\u00e3o gimnodesportivo e uma cantina escolar.<\/p>\n\n\n\n<p>No Bloco A, temos 17 salas, incluindo salas espec\u00edficas de Educa\u00e7\u00e3o Visual e M\u00fasica, Ci\u00eancia Viva e Laborat\u00f3rio Led.<br>No Bloco B, encontram-se os servi\u00e7os de PBX, Reprografia, Secretaria, Papelaria, sala dos professores, Buffet, Sala de Atendimento Encarregados de Educa\u00e7\u00e3o, Sala de Conv\u00edvio, sala de TIC, sala para a Educa\u00e7\u00e3o Tecnol\u00f3gica e Audit\u00f3rio.<br>No Bloco C temos 4 salas, um laborat\u00f3rio de F\u00edsico Qu\u00edmica, Biblioteca Escolar e sala de apoio \u00e0 aprendizagem.<\/p>\n\n\n\n<p>A Escola abarca turmas do 2\u00ba, 3\u00ba ciclo e Secund\u00e1rio, numa m\u00e9dia de 230 alunos<\/p>\n\n\n\n<p><strong>Contatos<\/strong><\/p>\n\n\n\n<p>S\u00edtio do Areal<br>6090-531 Penamacor<br>Telf: 277&nbsp;394 420<\/p>\n","protected":false},"excerpt":{"rendered":"<p>Centro Escolar de Penamacor A Escola \u00e9 composta por 1 edif\u00edcio contemplando no r\u00e9s do ch\u00e3o, 5 salas, uma biblioteca, sala dos professores, audit\u00f3rio e&hellip;<\/p>\n","protected":false},"author":1,"featured_media":0,"parent":0,"menu_order":0,"comment_status":"closed","ping_status":"closed","template":"","meta":{"_uag_custom_page_level_css":"","_themeisle_gutenberg_block_has_review":false,"footnotes":""},"class_list":["post-9564","page","type-page","status-publish","hentry"],"uagb_featured_image_src":{"full":false,"thumbnail":false,"medium":false,"medium_large":false,"large":false,"1536x1536":false,"2048x2048":false,"320w":false,"480w":false,"800w":false},"uagb_author_info":{"display_name":"admin","author_link":"https:\/\/www.aersp.pt\/portal\/author\/admin\/"},"uagb_comment_info":0,"uagb_excerpt":"Centro Escolar de Penamacor A Escola \u00e9 composta por 1 edif\u00edcio contemplando no r\u00e9s do ch\u00e3o, 5 salas, uma biblioteca, sala dos professores, audit\u00f3rio e&hellip;","_links":{"self":[{"href":"https:\/\/www.aersp.pt\/portal\/wp-json\/wp\/v2\/pages\/9564","targetHints":{"allow":["GET"]}}],"collection":[{"href":"https:\/\/www.aersp.pt\/portal\/wp-json\/wp\/v2\/pages"}],"about":[{"href":"https:\/\/www.aersp.pt\/portal\/wp-json\/wp\/v2\/types\/page"}],"author":[{"embeddable":true,"href":"https:\/\/www.aersp.pt\/portal\/wp-json\/wp\/v2\/users\/1"}],"replies":[{"embeddable":true,"href":"https:\/\/www.aersp.pt\/portal\/wp-json\/wp\/v2\/comments?post=9564"}],"version-history":[{"count":12,"href":"https:\/\/www.aersp.pt\/portal\/wp-json\/wp\/v2\/pages\/9564\/revisions"}],"predecessor-version":[{"id":9681,"href":"https:\/\/www.aersp.pt\/portal\/wp-json\/wp\/v2\/pages\/9564\/revisions\/9681"}],"wp:attachment":[{"href":"https:\/\/www.aersp.pt\/portal\/wp-json\/wp\/v2\/media?parent=9564"}],"curies":[{"name":"wp","href":"https:\/\/api.w.org\/{rel}","templated":true}]}}