{"id":3393,"date":"2021-07-07T15:49:23","date_gmt":"2021-07-07T15:49:23","guid":{"rendered":"http:\/\/www.aersp.pt\/portal\/?page_id=3393"},"modified":"2026-02-22T20:26:38","modified_gmt":"2026-02-22T20:26:38","slug":"teatro","status":"publish","type":"page","link":"https:\/\/www.aersp.pt\/portal\/teatro\/","title":{"rendered":"Teatro"},"content":{"rendered":"<div class=\"wp-block-image\">\n<figure class=\"aligncenter size-full\"><img fetchpriority=\"high\" decoding=\"async\" width=\"201\" height=\"251\" src=\"https:\/\/www.aersp.pt\/portal\/wp-content\/uploads\/2026\/02\/logotipo-1.png\" alt=\"\" class=\"wp-image-9849\"\/><\/figure><\/div>\n\n\n<h3 class=\"wp-block-heading\">Grupo de teatro quebra_gelo <\/h3>\n\n\n\n<p>Objetivos gerais: &#8211; Desenvolver aptid\u00f5es inerentes \u00e0 express\u00e3o dram\u00e1tica dos\/as estudantes da escola;<\/p>\n\n\n\n<ul>\n<li>Incentivar a criatividade, a pesquisa, o sentido cr\u00edtico e empreendedor dos alunos e alunas;<\/li>\n\n\n\n<li>Apresentar e refletir sobre um tema indispens\u00e1vel e incontorn\u00e1vel na educa\u00e7\u00e3o dos jovens;<\/li>\n\n\n\n<li>Desenvolver a capacidade de pesquisa, sele\u00e7\u00e3o e an\u00e1lise de textos sobre o tema e gui\u00e3o selecionado;<\/li>\n\n\n\n<li>Criar um espa\u00e7o art\u00edstico seguro, acolhedor, colaborativo, onde alunos e alunas de diferentes origens, capacidades, identidades e<br>experi\u00eancias possam desenvolver a sua express\u00e3o criativa na constru\u00e7\u00e3o de um projeto criativo de teatro, promovendo a igualdade de<br>oportunidades e o respeito pela diversidade.<\/li>\n<\/ul>\n\n\n\n<p>P\u00fablico-alvo : alunos e alunas do 5.\u00ba ao 12.\u00ba anos<\/p>\n\n\n\n<p>Hor\u00e1rio: 4.\u00aa feira &#8211; das 14:20 \u00e0s 16:00. no audit\u00f3rio da escola-sede<\/p>\n\n\n\n<p>Coordenadora &#8211; Professora Lurdes Pinho<\/p>\n\n\n\n<figure class=\"wp-block-gallery has-nested-images columns-default is-cropped wp-block-gallery-1 is-layout-flex wp-block-gallery-is-layout-flex\">\n<figure class=\"wp-block-image size-large\"><img decoding=\"async\" width=\"259\" height=\"194\" data-id=\"9848\" src=\"https:\/\/www.aersp.pt\/portal\/wp-content\/uploads\/2026\/02\/imagem_1.jpg\" alt=\"\" class=\"wp-image-9848\"\/><\/figure>\n\n\n\n<figure class=\"wp-block-image size-large\"><img decoding=\"async\" width=\"194\" height=\"259\" data-id=\"9845\" src=\"https:\/\/www.aersp.pt\/portal\/wp-content\/uploads\/2026\/02\/imagem_2.jpg\" alt=\"\" class=\"wp-image-9845\"\/><\/figure>\n\n\n\n<figure class=\"wp-block-image size-large\"><img loading=\"lazy\" decoding=\"async\" width=\"194\" height=\"259\" data-id=\"9846\" src=\"https:\/\/www.aersp.pt\/portal\/wp-content\/uploads\/2026\/02\/imagem_5.jpg\" alt=\"\" class=\"wp-image-9846\"\/><\/figure>\n\n\n\n<figure class=\"wp-block-image size-large\"><img loading=\"lazy\" decoding=\"async\" width=\"275\" height=\"183\" data-id=\"9847\" src=\"https:\/\/www.aersp.pt\/portal\/wp-content\/uploads\/2026\/02\/images_3.jpg\" alt=\"\" class=\"wp-image-9847\"\/><\/figure>\n<\/figure>\n\n\n\n<div style=\"height:84px\" aria-hidden=\"true\" class=\"wp-block-spacer\"><\/div>\n\n\n\n<p><a href=\"https:\/\/www.aersp.pt\/portal\/arquivo-teatro-quebra-gelo\/\">Arquivo<\/a><\/p>\n\n\n\n<div style=\"height:30px\" aria-hidden=\"true\" class=\"wp-block-spacer\"><\/div>\n","protected":false},"excerpt":{"rendered":"<p>Grupo de teatro quebra_gelo Objetivos gerais: &#8211; Desenvolver aptid\u00f5es inerentes \u00e0 express\u00e3o dram\u00e1tica dos\/as estudantes da escola; P\u00fablico-alvo : alunos e alunas do 5.\u00ba ao&hellip;<\/p>\n","protected":false},"author":1,"featured_media":0,"parent":0,"menu_order":0,"comment_status":"closed","ping_status":"closed","template":"","meta":{"_uag_custom_page_level_css":"","_themeisle_gutenberg_block_has_review":false,"footnotes":""},"class_list":["post-3393","page","type-page","status-publish","hentry"],"uagb_featured_image_src":{"full":false,"thumbnail":false,"medium":false,"medium_large":false,"large":false,"1536x1536":false,"2048x2048":false,"320w":false,"480w":false,"800w":false},"uagb_author_info":{"display_name":"admin","author_link":"https:\/\/www.aersp.pt\/portal\/author\/admin\/"},"uagb_comment_info":0,"uagb_excerpt":"Grupo de teatro quebra_gelo Objetivos gerais: &#8211; Desenvolver aptid\u00f5es inerentes \u00e0 express\u00e3o dram\u00e1tica dos\/as estudantes da escola; P\u00fablico-alvo : alunos e alunas do 5.\u00ba ao&hellip;","_links":{"self":[{"href":"https:\/\/www.aersp.pt\/portal\/wp-json\/wp\/v2\/pages\/3393","targetHints":{"allow":["GET"]}}],"collection":[{"href":"https:\/\/www.aersp.pt\/portal\/wp-json\/wp\/v2\/pages"}],"about":[{"href":"https:\/\/www.aersp.pt\/portal\/wp-json\/wp\/v2\/types\/page"}],"author":[{"embeddable":true,"href":"https:\/\/www.aersp.pt\/portal\/wp-json\/wp\/v2\/users\/1"}],"replies":[{"embeddable":true,"href":"https:\/\/www.aersp.pt\/portal\/wp-json\/wp\/v2\/comments?post=3393"}],"version-history":[{"count":7,"href":"https:\/\/www.aersp.pt\/portal\/wp-json\/wp\/v2\/pages\/3393\/revisions"}],"predecessor-version":[{"id":9936,"href":"https:\/\/www.aersp.pt\/portal\/wp-json\/wp\/v2\/pages\/3393\/revisions\/9936"}],"wp:attachment":[{"href":"https:\/\/www.aersp.pt\/portal\/wp-json\/wp\/v2\/media?parent=3393"}],"curies":[{"name":"wp","href":"https:\/\/api.w.org\/{rel}","templated":true}]}}