{"id":2531,"date":"2020-12-13T17:56:27","date_gmt":"2020-12-13T17:56:27","guid":{"rendered":"http:\/\/www.aersp.pt\/portal\/?page_id=2531"},"modified":"2026-02-22T21:22:08","modified_gmt":"2026-02-22T21:22:08","slug":"associacao-de-pais-ee","status":"publish","type":"page","link":"https:\/\/www.aersp.pt\/portal\/associacao-de-pais-ee\/","title":{"rendered":"Associa\u00e7\u00e3o de Pais e Encarregados de Educa\u00e7\u00e3o"},"content":{"rendered":"\r\n<p>&nbsp;<\/p>\r\n\r\n\r\n\r\n<p>A Associa\u00e7\u00e3o de Pais e Encarregados de Educa\u00e7\u00e3o do Agrupamento de Escolas Ribeiro Sanches de Penamacor, eleita em 2026, \u00e9 um importante ve\u00edculo para dar voz ativa a todos aqueles que possam participar na constru\u00e7\u00e3o de uma escola melhor. Com vista a valorizar e promover as melhores pr\u00e1ticas e din\u00e2micas educativas, a APEEAERSP pretende envolver os pais e encarregados de educa\u00e7\u00e3o atrav\u00e9s de uma participa\u00e7\u00e3o mais ativa na vida escolar dos seus educandos, identificando necessidades e solu\u00e7\u00f5es para problemas existentes, para que estes aprendam nas melhores condi\u00e7\u00f5es e cres\u00e7am felizes. Por conseguinte, a miss\u00e3o geral desta associa\u00e7\u00e3o consiste em fomentar a comunica\u00e7\u00e3o e intera\u00e7\u00e3o entre pais\/encarregados de educa\u00e7\u00e3o, alunos, professores e a dire\u00e7\u00e3o do Agrupamento de Escolas Ribeiro Sanches.<\/p>\r\n\r\n\r\n\r\n<p><strong>Email de contato:<\/strong><\/p>\r\n\r\n\r\n\r\n<p>apeeaerspenamacor@gmail.com<\/p>\r\n\r\n\r\n\r\n<div class=\"wp-block-spacer\" style=\"height: 51px;\" aria-hidden=\"true\">\u00a0<\/div>\r\n\r\n\r\n\r\n<h4 class=\"wp-block-heading has-text-align-center\">Artigos \/ Not\u00edcias sobre a Associa\u00e7\u00e3o<\/h4>\r\n\r\n\r\n\r\n<p class=\"has-text-align-center\"><a href=\"https:\/\/www.aersp.pt\/portal\/category\/associacao-de-pais-e-e-e\">Clique Aqui<\/a><\/p>\r\n\r\n\r\n\r\n<p>&nbsp;<\/p>\r\n\r\n\r\n\r\n<p>&nbsp;<\/p>\r\n\r\n\r\n\r\n<p>&nbsp;<\/p>\r\n","protected":false},"excerpt":{"rendered":"<p>&nbsp; A Associa\u00e7\u00e3o de Pais e Encarregados de Educa\u00e7\u00e3o do Agrupamento de Escolas Ribeiro Sanches de Penamacor, eleita em 2026, \u00e9 um importante ve\u00edculo para&hellip;<\/p>\n","protected":false},"author":1,"featured_media":0,"parent":0,"menu_order":0,"comment_status":"closed","ping_status":"closed","template":"","meta":{"_uag_custom_page_level_css":"","_themeisle_gutenberg_block_has_review":false,"footnotes":""},"class_list":["post-2531","page","type-page","status-publish","hentry"],"uagb_featured_image_src":{"full":false,"thumbnail":false,"medium":false,"medium_large":false,"large":false,"1536x1536":false,"2048x2048":false,"320w":false,"480w":false,"800w":false},"uagb_author_info":{"display_name":"admin","author_link":"https:\/\/www.aersp.pt\/portal\/author\/admin\/"},"uagb_comment_info":0,"uagb_excerpt":"&nbsp; A Associa\u00e7\u00e3o de Pais e Encarregados de Educa\u00e7\u00e3o do Agrupamento de Escolas Ribeiro Sanches de Penamacor, eleita em 2026, \u00e9 um importante ve\u00edculo para&hellip;","_links":{"self":[{"href":"https:\/\/www.aersp.pt\/portal\/wp-json\/wp\/v2\/pages\/2531","targetHints":{"allow":["GET"]}}],"collection":[{"href":"https:\/\/www.aersp.pt\/portal\/wp-json\/wp\/v2\/pages"}],"about":[{"href":"https:\/\/www.aersp.pt\/portal\/wp-json\/wp\/v2\/types\/page"}],"author":[{"embeddable":true,"href":"https:\/\/www.aersp.pt\/portal\/wp-json\/wp\/v2\/users\/1"}],"replies":[{"embeddable":true,"href":"https:\/\/www.aersp.pt\/portal\/wp-json\/wp\/v2\/comments?post=2531"}],"version-history":[{"count":11,"href":"https:\/\/www.aersp.pt\/portal\/wp-json\/wp\/v2\/pages\/2531\/revisions"}],"predecessor-version":[{"id":9941,"href":"https:\/\/www.aersp.pt\/portal\/wp-json\/wp\/v2\/pages\/2531\/revisions\/9941"}],"wp:attachment":[{"href":"https:\/\/www.aersp.pt\/portal\/wp-json\/wp\/v2\/media?parent=2531"}],"curies":[{"name":"wp","href":"https:\/\/api.w.org\/{rel}","templated":true}]}}