{"id":10262,"date":"2026-05-04T15:35:50","date_gmt":"2026-05-04T15:35:50","guid":{"rendered":"https:\/\/www.aersp.pt\/portal\/?page_id=10262"},"modified":"2026-05-04T16:10:50","modified_gmt":"2026-05-04T16:10:50","slug":"concursos","status":"publish","type":"page","link":"https:\/\/www.aersp.pt\/portal\/concursos\/","title":{"rendered":"Concursos"},"content":{"rendered":"\n<p><strong>T\u00e9cnico de Sistemas e Tecnologias de Informa\u00e7\u00e3o<\/strong><\/p>\n\n\n\n<div class=\"wp-block-file\"><a id=\"wp-block-file--media-abd07ea8-8fd0-4513-930e-618fea098cff\" href=\"https:\/\/www.aersp.pt\/portal\/wp-content\/uploads\/2026\/05\/Despacho_no4_Tecnico-de-Sistemas_signed-1.pdf\">Despacho &#8211; T\u00e9cnico de Sistemas e Tecnologias de Informa\u00e7\u00e3o<\/a><a href=\"https:\/\/www.aersp.pt\/portal\/wp-content\/uploads\/2026\/05\/Despacho_no4_Tecnico-de-Sistemas_signed-1.pdf\" class=\"wp-block-file__button wp-element-button\" download aria-describedby=\"wp-block-file--media-abd07ea8-8fd0-4513-930e-618fea098cff\">Descarregar<\/a><\/div>\n\n\n\n<div class=\"wp-block-file\"><a id=\"wp-block-file--media-e7264b8a-3d77-4414-ba40-c8e7e59095ea\" href=\"https:\/\/www.aersp.pt\/portal\/wp-content\/uploads\/2026\/05\/BEP-Bolsa-de-Emprego-Publico_TSTI-1.pdf\">BEP &#8211; Bolsa de Emprego P\u00fablico_TSTI<\/a><a href=\"https:\/\/www.aersp.pt\/portal\/wp-content\/uploads\/2026\/05\/BEP-Bolsa-de-Emprego-Publico_TSTI-1.pdf\" class=\"wp-block-file__button wp-element-button\" download aria-describedby=\"wp-block-file--media-e7264b8a-3d77-4414-ba40-c8e7e59095ea\">Descarregar<\/a><\/div>\n\n\n\n<div class=\"wp-block-file\"><a id=\"wp-block-file--media-d9a869d7-d3a9-4f20-9707-2b124c33ad28\" href=\"https:\/\/www.aersp.pt\/portal\/wp-content\/uploads\/2026\/05\/Aviso_Tecnico-de-sistemas-e-tecnologias-de-informacao_signed.pdf\">Aviso &#8211; T\u00e9cnico de Sistemas e Tecnologias de Informa\u00e7\u00e3o<\/a><a href=\"https:\/\/www.aersp.pt\/portal\/wp-content\/uploads\/2026\/05\/Aviso_Tecnico-de-sistemas-e-tecnologias-de-informacao_signed.pdf\" class=\"wp-block-file__button wp-element-button\" download aria-describedby=\"wp-block-file--media-d9a869d7-d3a9-4f20-9707-2b124c33ad28\">Descarregar<\/a><\/div>\n\n\n\n<div style=\"height:39px\" aria-hidden=\"true\" class=\"wp-block-spacer\"><\/div>\n\n\n\n<p><strong>T\u00e9cnico Superior &#8211; Psic\u00f3logo<\/strong><\/p>\n\n\n\n<div class=\"wp-block-file\"><a id=\"wp-block-file--media-913985b7-6b4b-46db-ade3-1ae271e861fd\" href=\"https:\/\/www.aersp.pt\/portal\/wp-content\/uploads\/2026\/05\/Despacho_no3_Psicologo_signed-1.pdf\">Despacho &#8211; T\u00e9cnico Superior &#8211; Psic\u00f3logo<\/a><a href=\"https:\/\/www.aersp.pt\/portal\/wp-content\/uploads\/2026\/05\/Despacho_no3_Psicologo_signed-1.pdf\" class=\"wp-block-file__button wp-element-button\" download aria-describedby=\"wp-block-file--media-913985b7-6b4b-46db-ade3-1ae271e861fd\">Descarregar<\/a><\/div>\n\n\n\n<div class=\"wp-block-file\"><a id=\"wp-block-file--media-919894b5-66a9-4a8f-aef5-e29408c940c5\" href=\"https:\/\/www.aersp.pt\/portal\/wp-content\/uploads\/2026\/05\/BEP-Bolsa-de-Emprego-Publico_Psicologo-1.pdf\">BEP &#8211; Bolsa de Emprego P\u00fablico &#8211; Psic\u00f3logo<\/a><a href=\"https:\/\/www.aersp.pt\/portal\/wp-content\/uploads\/2026\/05\/BEP-Bolsa-de-Emprego-Publico_Psicologo-1.pdf\" class=\"wp-block-file__button wp-element-button\" download aria-describedby=\"wp-block-file--media-919894b5-66a9-4a8f-aef5-e29408c940c5\">Descarregar<\/a><\/div>\n\n\n\n<div class=\"wp-block-file\"><a id=\"wp-block-file--media-5cecce3c-a3bd-4151-95f0-c003b1fd46d6\" href=\"https:\/\/www.aersp.pt\/portal\/wp-content\/uploads\/2026\/05\/Aviso-no2_Psicologo_signed.pdf\">Aviso &#8211;  T\u00e9cnico Superior &#8211; Psic\u00f3logo<\/a><a href=\"https:\/\/www.aersp.pt\/portal\/wp-content\/uploads\/2026\/05\/Aviso-no2_Psicologo_signed.pdf\" class=\"wp-block-file__button wp-element-button\" download aria-describedby=\"wp-block-file--media-5cecce3c-a3bd-4151-95f0-c003b1fd46d6\">Descarregar<\/a><\/div>\n","protected":false},"excerpt":{"rendered":"<p>T\u00e9cnico de Sistemas e Tecnologias de Informa\u00e7\u00e3o T\u00e9cnico Superior &#8211; Psic\u00f3logo<\/p>\n","protected":false},"author":1,"featured_media":0,"parent":0,"menu_order":0,"comment_status":"closed","ping_status":"closed","template":"","meta":{"_uag_custom_page_level_css":"","_themeisle_gutenberg_block_has_review":false,"footnotes":""},"class_list":["post-10262","page","type-page","status-publish","hentry"],"uagb_featured_image_src":{"full":false,"thumbnail":false,"medium":false,"medium_large":false,"large":false,"1536x1536":false,"2048x2048":false,"320w":false,"480w":false,"800w":false},"uagb_author_info":{"display_name":"admin","author_link":"https:\/\/www.aersp.pt\/portal\/author\/admin\/"},"uagb_comment_info":0,"uagb_excerpt":"T\u00e9cnico de Sistemas e Tecnologias de Informa\u00e7\u00e3o T\u00e9cnico Superior &#8211; Psic\u00f3logo","_links":{"self":[{"href":"https:\/\/www.aersp.pt\/portal\/wp-json\/wp\/v2\/pages\/10262","targetHints":{"allow":["GET"]}}],"collection":[{"href":"https:\/\/www.aersp.pt\/portal\/wp-json\/wp\/v2\/pages"}],"about":[{"href":"https:\/\/www.aersp.pt\/portal\/wp-json\/wp\/v2\/types\/page"}],"author":[{"embeddable":true,"href":"https:\/\/www.aersp.pt\/portal\/wp-json\/wp\/v2\/users\/1"}],"replies":[{"embeddable":true,"href":"https:\/\/www.aersp.pt\/portal\/wp-json\/wp\/v2\/comments?post=10262"}],"version-history":[{"count":7,"href":"https:\/\/www.aersp.pt\/portal\/wp-json\/wp\/v2\/pages\/10262\/revisions"}],"predecessor-version":[{"id":10283,"href":"https:\/\/www.aersp.pt\/portal\/wp-json\/wp\/v2\/pages\/10262\/revisions\/10283"}],"wp:attachment":[{"href":"https:\/\/www.aersp.pt\/portal\/wp-json\/wp\/v2\/media?parent=10262"}],"curies":[{"name":"wp","href":"https:\/\/api.w.org\/{rel}","templated":true}]}}