{"id":10088,"date":"2026-02-23T17:09:19","date_gmt":"2026-02-23T17:09:19","guid":{"rendered":"https:\/\/www.aersp.pt\/portal\/?page_id=10088"},"modified":"2026-02-23T17:09:20","modified_gmt":"2026-02-23T17:09:20","slug":"o-patrono","status":"publish","type":"page","link":"https:\/\/www.aersp.pt\/portal\/o-patrono\/","title":{"rendered":"O Patrono"},"content":{"rendered":"\n<h2 class=\"wp-block-heading\"><strong>Ribeiro Sanches<\/strong><\/h2>\n\n\n<div class=\"wp-block-image\">\n<figure class=\"aligncenter\"><img decoding=\"async\" src=\"http:\/\/www.aersp.pt\/images\/patrono.jpg\" alt=\"\"\/><\/figure><\/div>\n\n\n<p><\/p>\n\n\n\n<p>Ant\u00f3nio Nunes Ribeiro Sanches&nbsp; nasce a 7 de Mar\u00e7o de 1699, na vila de Penamacor. Seus pais, Sim\u00e3o Nunes e Ana Ribeiro, s\u00e3o uma fam\u00edlia de crist\u00e3os-novos. Em 1716 parte para Coimbra para cursar os estudos. Primeiro, matricula-se no Col\u00e9gio das Artes, dirigido pelos jesu\u00edtas. Segue-se depois o curso de Direito Civil, na Universidade de Coimbra. Em&nbsp;1719&nbsp;transfere-se para Salamanca e cursa Medicina. A\u00ed adquire o grau de doutor em Medicina, pela mesma Universidade.<\/p>\n\n\n\n<p>Por indica\u00e7\u00e3o de Herman Boerhaave ruma \u00e0 R\u00fassia, onde chega a m\u00e9dico da corte.<\/p>\n\n\n\n<p>De volta a Fran\u00e7a dedica-se \u00e0 escrita e ao conhecimento, sendo este reconhecido pelo convite que lhe foi endere\u00e7ado para escrever na Enciclop\u00e9dia de Diderot e D\u2019Alembert.<\/p>\n\n\n\n<p>Aos poucos, vai-se afastando da profiss\u00e3o de m\u00e9dico e recolhe-se na intimidade dos livros, redigindo notas sobre as observa\u00e7\u00f5es que fizera por todos os locais por onde passara.<\/p>\n\n\n\n<p>Os assuntos dos seus escritos falavam de medicina, economia, religi\u00e3o e tudo o que o seu vasto esp\u00edrito abrangia. O seu objetivo era promover reformas no pa\u00eds adotivo (R\u00fassia) e na sua terra natal, t\u00e3o separados pela dist\u00e2ncia, mas t\u00e3o semelhantes na ignor\u00e2ncia e na supersti\u00e7\u00e3o. Aqui escreve as suas obras fundamentais: (1750:<b><em>Dissertation sur la Maladie V\u00e9n\u00e9rienne<\/em><\/b>; 1756:&nbsp;<b><em>Tratado da Conserva\u00e7\u00e3o da Sa\u00fade dos Povos<\/em><\/b>;&nbsp;1760:&nbsp;<b><em>Cartas sobre a Educa\u00e7\u00e3o da Mocidade<\/em><\/b>, uma das suas obras fundamentais, a que se segue o&nbsp;<b><em>M\u00e9todo para Aprender e Estudar a Medicina<\/em><\/b>;&nbsp;1763:<b><em>M\u00e9moire sur les Bains de Vapeur en Russie<\/em><\/b>).<\/p>\n\n\n\n<p>Ant\u00f3nio Ribeiro Sanches morre a 14 de Outubro de 1783. \u00c9 considerado o maior m\u00e9dico portugu\u00eas do s\u00e9culo XVIII. O seu aut\u00eantico amor portugu\u00eas traduziu-se nos in\u00fameros manuscritos e obras que escreveu, de grande contemporaneidade, na tentativa de contribuir para uma mudan\u00e7a das mentalidades em Portugal.<\/p>\n\n\n\n<p><strong><b><em>\u00ab[&#8230;] o fim da educa\u00e7\u00e3o da mocidade n\u00e3o \u00e9 para sa\u00edrem perfeitos em ci\u00eancia alguma, e somente para abrir-lhes o entendimento, e ficarem com as luzes necess\u00e1rias para aprender aquela a que se quiserem aplicar\u00bb<\/em><\/b><\/strong><\/p>\n\n\n\n<p class=\"has-text-align-right\">Ant\u00f3nio Nunes Ribeiro Sanches, in Cartas sobre a educa\u00e7\u00e3o da mocidade<\/p>\n\n\n\n<div style=\"height:100px\" aria-hidden=\"true\" class=\"wp-block-spacer\"><\/div>\n\n\n\n<h3 class=\"wp-block-heading has-text-align-center\"><strong>Dia do Patrono &#8211; Ribeiro Sanches<\/strong><br>2021<\/h3>\n\n\n\n<figure class=\"wp-block-video aligncenter\"><video controls src=\"https:\/\/www.aersp.pt\/portal\/wp-content\/uploads\/2021\/03\/Dia-do-Patrono-Apresentac\u0327a\u0303o.m4v\"><\/video><\/figure>\n\n\n\n<div style=\"height:67px\" aria-hidden=\"true\" class=\"wp-block-spacer\"><\/div>\n\n\n\n<div class=\"wp-block-media-text alignwide is-stacked-on-mobile\" style=\"grid-template-columns:41% auto\"><figure class=\"wp-block-media-text__media\"><img fetchpriority=\"high\" decoding=\"async\" width=\"724\" height=\"1024\" src=\"https:\/\/www.aersp.pt\/portal\/wp-content\/uploads\/2021\/03\/dia-do-patrono-724x1024.png\" alt=\"\" class=\"wp-image-2710 size-full\" srcset=\"https:\/\/www.aersp.pt\/portal\/wp-content\/uploads\/2021\/03\/dia-do-patrono-724x1024.png 724w, https:\/\/www.aersp.pt\/portal\/wp-content\/uploads\/2021\/03\/dia-do-patrono-212x300.png 212w, https:\/\/www.aersp.pt\/portal\/wp-content\/uploads\/2021\/03\/dia-do-patrono-768x1086.png 768w, https:\/\/www.aersp.pt\/portal\/wp-content\/uploads\/2021\/03\/dia-do-patrono-1086x1536.png 1086w, https:\/\/www.aersp.pt\/portal\/wp-content\/uploads\/2021\/03\/dia-do-patrono.png 1240w\" sizes=\"(max-width: 724px) 100vw, 724px\" \/><\/figure><div class=\"wp-block-media-text__content\">\n<p><strong>Podcasts:<\/strong><\/p>\n\n\n\n<figure class=\"wp-block-audio\"><audio controls src=\"https:\/\/www.aersp.pt\/portal\/wp-content\/uploads\/2021\/03\/ode-ao-senhor-doutor.mp3\"><\/audio><figcaption class=\"wp-element-caption\">Ode ao Senhor Doutor Ant\u00f3nio Ribeiro Sanches<\/figcaption><\/figure>\n\n\n\n<figure class=\"wp-block-audio\"><audio controls src=\"https:\/\/www.aersp.pt\/portal\/wp-content\/uploads\/2021\/03\/antonio-ribeiro-sanches.mp3\"><\/audio><figcaption class=\"wp-element-caption\">Ant\u00f3nio Ribeiro Sanches<\/figcaption><\/figure>\n\n\n\n<figure class=\"wp-block-audio\"><audio controls src=\"https:\/\/www.aersp.pt\/portal\/wp-content\/uploads\/2021\/03\/ribeiro-sanches.mp3\"><\/audio><figcaption class=\"wp-element-caption\">Ribeiro Sanches<\/figcaption><\/figure>\n\n\n\n<p><\/p>\n<\/div><\/div>\n\n\n\n<div style=\"height:134px\" aria-hidden=\"true\" class=\"wp-block-spacer\"><\/div>\n\n\n\n<h2 class=\"wp-block-heading\"><strong>Not\u00edcia de hoje, 5 de mar\u00e7o de 2021.<\/strong><\/h2>\n\n\n\n<p><strong>Sobrinho Sim\u00f5es, que esteve presente no Dia do Patrono em 2020, referencia Ribeiro Sanches e Penamacor.<\/strong><\/p>\n\n\n<div class=\"wp-block-image\">\n<figure class=\"aligncenter size-large\"><a href=\"https:\/\/www.aersp.pt\/portal\/wp-content\/uploads\/2021\/03\/Noticia_Publico-1.png\"><img decoding=\"async\" width=\"1024\" height=\"805\" src=\"https:\/\/www.aersp.pt\/portal\/wp-content\/uploads\/2021\/03\/Noticia_Publico-1-1024x805.png\" alt=\"\" class=\"wp-image-2725\" srcset=\"https:\/\/www.aersp.pt\/portal\/wp-content\/uploads\/2021\/03\/Noticia_Publico-1-1024x805.png 1024w, https:\/\/www.aersp.pt\/portal\/wp-content\/uploads\/2021\/03\/Noticia_Publico-1-300x236.png 300w, https:\/\/www.aersp.pt\/portal\/wp-content\/uploads\/2021\/03\/Noticia_Publico-1-768x604.png 768w, https:\/\/www.aersp.pt\/portal\/wp-content\/uploads\/2021\/03\/Noticia_Publico-1-1536x1207.png 1536w, https:\/\/www.aersp.pt\/portal\/wp-content\/uploads\/2021\/03\/Noticia_Publico-1-2048x1610.png 2048w\" sizes=\"(max-width: 1024px) 100vw, 1024px\" \/><\/a><\/figure><\/div>\n\n\n<p><\/p>\n","protected":false},"excerpt":{"rendered":"<p>Ribeiro Sanches Ant\u00f3nio Nunes Ribeiro Sanches&nbsp; nasce a 7 de Mar\u00e7o de 1699, na vila de Penamacor. Seus pais, Sim\u00e3o Nunes e Ana Ribeiro, s\u00e3o&hellip;<\/p>\n","protected":false},"author":1,"featured_media":0,"parent":0,"menu_order":0,"comment_status":"closed","ping_status":"closed","template":"","meta":{"_uag_custom_page_level_css":"","_themeisle_gutenberg_block_has_review":false,"footnotes":""},"class_list":["post-10088","page","type-page","status-publish","hentry"],"uagb_featured_image_src":{"full":false,"thumbnail":false,"medium":false,"medium_large":false,"large":false,"1536x1536":false,"2048x2048":false,"320w":false,"480w":false,"800w":false},"uagb_author_info":{"display_name":"admin","author_link":"https:\/\/www.aersp.pt\/portal\/author\/admin\/"},"uagb_comment_info":0,"uagb_excerpt":"Ribeiro Sanches Ant\u00f3nio Nunes Ribeiro Sanches&nbsp; nasce a 7 de Mar\u00e7o de 1699, na vila de Penamacor. Seus pais, Sim\u00e3o Nunes e Ana Ribeiro, s\u00e3o&hellip;","_links":{"self":[{"href":"https:\/\/www.aersp.pt\/portal\/wp-json\/wp\/v2\/pages\/10088","targetHints":{"allow":["GET"]}}],"collection":[{"href":"https:\/\/www.aersp.pt\/portal\/wp-json\/wp\/v2\/pages"}],"about":[{"href":"https:\/\/www.aersp.pt\/portal\/wp-json\/wp\/v2\/types\/page"}],"author":[{"embeddable":true,"href":"https:\/\/www.aersp.pt\/portal\/wp-json\/wp\/v2\/users\/1"}],"replies":[{"embeddable":true,"href":"https:\/\/www.aersp.pt\/portal\/wp-json\/wp\/v2\/comments?post=10088"}],"version-history":[{"count":1,"href":"https:\/\/www.aersp.pt\/portal\/wp-json\/wp\/v2\/pages\/10088\/revisions"}],"predecessor-version":[{"id":10089,"href":"https:\/\/www.aersp.pt\/portal\/wp-json\/wp\/v2\/pages\/10088\/revisions\/10089"}],"wp:attachment":[{"href":"https:\/\/www.aersp.pt\/portal\/wp-json\/wp\/v2\/media?parent=10088"}],"curies":[{"name":"wp","href":"https:\/\/api.w.org\/{rel}","templated":true}]}}