{"id":10082,"date":"2026-02-23T17:04:53","date_gmt":"2026-02-23T17:04:53","guid":{"rendered":"https:\/\/www.aersp.pt\/portal\/?page_id=10082"},"modified":"2026-02-23T17:04:57","modified_gmt":"2026-02-23T17:04:57","slug":"mensagem-da-diretora","status":"publish","type":"page","link":"https:\/\/www.aersp.pt\/portal\/mensagem-da-diretora\/","title":{"rendered":"Mensagem da Diretora"},"content":{"rendered":"\n<p><strong>Forjar o Futuro, dar Voz a Todos<\/strong>\u00a0\u00e9 o lema da diretora e, sem descurar as atribui\u00e7\u00f5es que lhe s\u00e3o legalmente atribu\u00eddas, deve ser capaz de identificar e potenciar as capacidades de todos, mobilizando-os para a forma\u00e7\u00e3o dos alunos nas diversas dimens\u00f5es, pessoal, social e acad\u00e9mica. A fun\u00e7\u00e3o de ensinar e a de aprender deve desenvolver-se num ambiente harmonioso e impulsionador do desenvolvimento acad\u00e9mico, pessoal e social do aluno, com vista \u00e0 forma\u00e7\u00e3o de cidad\u00e3os de plenos direitos, ativos e respons\u00e1veis.\u00a0<\/p>\n\n\n\n<p>Os profissionais da educa\u00e7\u00e3o assumem um papel central e fundamental no cumprimento desta miss\u00e3o, pelo que tamb\u00e9m \u00e9 necess\u00e1rio fomentar o seu desenvolvimento profissional e proporcionar-lhe condi\u00e7\u00f5es de trabalho adequadas e facilitadoras do seu exerc\u00edcio profissional. \u00c0 Diretora exige-se um conhecimento das m\u00faltiplas realidades que comp\u00f5em este sistema complexo e uma aten\u00e7\u00e3o e a\u00e7\u00e3o rigorosa quer em termos do tempo presente, quer fundamentalmente, de tempos futuros. No entanto, a prossecu\u00e7\u00e3o do sucesso educativo exige o esfor\u00e7o conjunto de alunos, professores, pais e encarregados de educa\u00e7\u00e3o, pessoal n\u00e3o docente e restante comunidade escolar.<\/p>\n\n\n\n<p>A colabora\u00e7\u00e3o de Todos os diferentes intervenientes \u00e9 fulcral, pois, s\u00f3 assim se retirar\u00e3o as respetivas ila\u00e7\u00f5es. \u00c9 imprescind\u00edvel que no dom\u00ednio de a\u00e7\u00e3o de cada um (docentes, discentes, pessoal n\u00e3o docente e tutela), Todos participem ativa, criativa e criticamente. Deseja-se contribuir para uma solu\u00e7\u00e3o equilibrada, aglutinadora e de sucesso, ou seja, provocando e promovendo a ausculta\u00e7\u00e3o e o di\u00e1logo fecundo que permitam a identifica\u00e7\u00e3o de problemas, mas, tamb\u00e9m, de sugest\u00f5es de melhoria ou propostas para a sua resolu\u00e7\u00e3o. Estamos num tempo novo, de quebrar barreiras! De adotar uma postura flex\u00edvel, de colabora\u00e7\u00e3o, interna e externa. &nbsp;<\/p>\n\n\n\n<p><\/p>\n\n\n\n<p class=\"has-text-align-right\"><strong>Paula Cristina dos Santos Rocha Pereira Vaz<\/strong><\/p>\n","protected":false},"excerpt":{"rendered":"<p>Forjar o Futuro, dar Voz a Todos\u00a0\u00e9 o lema da diretora e, sem descurar as atribui\u00e7\u00f5es que lhe s\u00e3o legalmente atribu\u00eddas, deve ser capaz de&hellip;<\/p>\n","protected":false},"author":1,"featured_media":0,"parent":0,"menu_order":0,"comment_status":"closed","ping_status":"closed","template":"","meta":{"_uag_custom_page_level_css":"","_themeisle_gutenberg_block_has_review":false,"footnotes":""},"class_list":["post-10082","page","type-page","status-publish","hentry"],"uagb_featured_image_src":{"full":false,"thumbnail":false,"medium":false,"medium_large":false,"large":false,"1536x1536":false,"2048x2048":false,"320w":false,"480w":false,"800w":false},"uagb_author_info":{"display_name":"admin","author_link":"https:\/\/www.aersp.pt\/portal\/author\/admin\/"},"uagb_comment_info":0,"uagb_excerpt":"Forjar o Futuro, dar Voz a Todos\u00a0\u00e9 o lema da diretora e, sem descurar as atribui\u00e7\u00f5es que lhe s\u00e3o legalmente atribu\u00eddas, deve ser capaz de&hellip;","_links":{"self":[{"href":"https:\/\/www.aersp.pt\/portal\/wp-json\/wp\/v2\/pages\/10082","targetHints":{"allow":["GET"]}}],"collection":[{"href":"https:\/\/www.aersp.pt\/portal\/wp-json\/wp\/v2\/pages"}],"about":[{"href":"https:\/\/www.aersp.pt\/portal\/wp-json\/wp\/v2\/types\/page"}],"author":[{"embeddable":true,"href":"https:\/\/www.aersp.pt\/portal\/wp-json\/wp\/v2\/users\/1"}],"replies":[{"embeddable":true,"href":"https:\/\/www.aersp.pt\/portal\/wp-json\/wp\/v2\/comments?post=10082"}],"version-history":[{"count":1,"href":"https:\/\/www.aersp.pt\/portal\/wp-json\/wp\/v2\/pages\/10082\/revisions"}],"predecessor-version":[{"id":10083,"href":"https:\/\/www.aersp.pt\/portal\/wp-json\/wp\/v2\/pages\/10082\/revisions\/10083"}],"wp:attachment":[{"href":"https:\/\/www.aersp.pt\/portal\/wp-json\/wp\/v2\/media?parent=10082"}],"curies":[{"name":"wp","href":"https:\/\/api.w.org\/{rel}","templated":true}]}}