{"id":10079,"date":"2026-02-23T17:01:57","date_gmt":"2026-02-23T17:01:57","guid":{"rendered":"https:\/\/www.aersp.pt\/portal\/?page_id=10079"},"modified":"2026-02-23T17:02:03","modified_gmt":"2026-02-23T17:02:03","slug":"missao-visao-e-valores","status":"publish","type":"page","link":"https:\/\/www.aersp.pt\/portal\/missao-visao-e-valores\/","title":{"rendered":"Miss\u00e3o, Vis\u00e3o e Valores"},"content":{"rendered":"\n<p>A Vis\u00e3o e a Miss\u00e3o para o Agrupamento de Escolas Ribeiro Sanches &#8211; Penamacor \u00e9 ser reconhecido como uma institui\u00e7\u00e3o p\u00fablica de refer\u00eancia pela qualidade do ensino e forma\u00e7\u00e3o ministrados, prestando um servi\u00e7o p\u00fablico de educa\u00e7\u00e3o de qualidade que dote os alunos de uma s\u00f3lida forma\u00e7\u00e3o de base, de compet\u00eancias e saberes orientados para a resolu\u00e7\u00e3o dos desafios do s\u00e9culo XXI, que permitam o prosseguimento de estudos e\/ou a inser\u00e7\u00e3o no mercado de trabalho. Com efeito, as escolas dever\u00e3o desenvolver a autonomia, ensinar a aprender e a pensar, estimular<br>a curiosidade, promover o bom dom\u00ednio das tecnologias da informa\u00e7\u00e3o e da comunica\u00e7\u00e3o, desenvolver o dom\u00ednio da l\u00edngua materna e das l\u00ednguas estrangeiras e promover a cidadania s\u00e3o elementos centralizadores, sem abdicar do esfor\u00e7o conjunto de alunos, professores, pais e encarregados de educa\u00e7\u00e3o, pessoal n\u00e3o docente e restante comunidade escolar.<\/p>\n\n\n\n<p>A Diretora identifica e potencia as capacidades de todos, mobilizando-os para a forma\u00e7\u00e3o dos alunos nas diversas dimens\u00f5es, pessoal, social e acad\u00e9mica. Ao longo do mandato, otimizar-se-\u00e3o os recursos existentes no Agrupamento, pugnando por melhores condi\u00e7\u00f5es de trabalho e dignificando as diversas \u00e1reas educativas. Para o efeito, proponho implementar projetos e a\u00e7\u00f5es que envolvam pessoal docente, pessoal n\u00e3o docente e restante comunidade.<\/p>\n\n\n\n<p><br>O Agrupamento de Escolas Ribeiro Sanches \u00e9 uma organiza\u00e7\u00e3o complexa onde \u00e9 necess\u00e1rio refor\u00e7ar uma lideran\u00e7a forte, mobilizadora e orientadora que confira uma aten\u00e7\u00e3o particular ao indiv\u00edduo, ao Homem enquanto ser social, \u00e0s rela\u00e7\u00f5es humanas e na dimens\u00e3o participativa na tomada de decis\u00e3o.<\/p>\n","protected":false},"excerpt":{"rendered":"<p>A Vis\u00e3o e a Miss\u00e3o para o Agrupamento de Escolas Ribeiro Sanches &#8211; Penamacor \u00e9 ser reconhecido como uma institui\u00e7\u00e3o p\u00fablica de refer\u00eancia pela qualidade&hellip;<\/p>\n","protected":false},"author":1,"featured_media":0,"parent":0,"menu_order":0,"comment_status":"closed","ping_status":"closed","template":"","meta":{"_uag_custom_page_level_css":"","_themeisle_gutenberg_block_has_review":false,"footnotes":""},"class_list":["post-10079","page","type-page","status-publish","hentry"],"uagb_featured_image_src":{"full":false,"thumbnail":false,"medium":false,"medium_large":false,"large":false,"1536x1536":false,"2048x2048":false,"320w":false,"480w":false,"800w":false},"uagb_author_info":{"display_name":"admin","author_link":"https:\/\/www.aersp.pt\/portal\/author\/admin\/"},"uagb_comment_info":0,"uagb_excerpt":"A Vis\u00e3o e a Miss\u00e3o para o Agrupamento de Escolas Ribeiro Sanches &#8211; Penamacor \u00e9 ser reconhecido como uma institui\u00e7\u00e3o p\u00fablica de refer\u00eancia pela qualidade&hellip;","_links":{"self":[{"href":"https:\/\/www.aersp.pt\/portal\/wp-json\/wp\/v2\/pages\/10079","targetHints":{"allow":["GET"]}}],"collection":[{"href":"https:\/\/www.aersp.pt\/portal\/wp-json\/wp\/v2\/pages"}],"about":[{"href":"https:\/\/www.aersp.pt\/portal\/wp-json\/wp\/v2\/types\/page"}],"author":[{"embeddable":true,"href":"https:\/\/www.aersp.pt\/portal\/wp-json\/wp\/v2\/users\/1"}],"replies":[{"embeddable":true,"href":"https:\/\/www.aersp.pt\/portal\/wp-json\/wp\/v2\/comments?post=10079"}],"version-history":[{"count":1,"href":"https:\/\/www.aersp.pt\/portal\/wp-json\/wp\/v2\/pages\/10079\/revisions"}],"predecessor-version":[{"id":10080,"href":"https:\/\/www.aersp.pt\/portal\/wp-json\/wp\/v2\/pages\/10079\/revisions\/10080"}],"wp:attachment":[{"href":"https:\/\/www.aersp.pt\/portal\/wp-json\/wp\/v2\/media?parent=10079"}],"curies":[{"name":"wp","href":"https:\/\/api.w.org\/{rel}","templated":true}]}}