{"id":10076,"date":"2026-02-23T16:55:58","date_gmt":"2026-02-23T16:55:58","guid":{"rendered":"https:\/\/www.aersp.pt\/portal\/?page_id=10076"},"modified":"2026-02-23T17:00:29","modified_gmt":"2026-02-23T17:00:29","slug":"historia","status":"publish","type":"page","link":"https:\/\/www.aersp.pt\/portal\/historia\/","title":{"rendered":"Hist\u00f3ria"},"content":{"rendered":"\n<figure class=\"wp-block-gallery has-nested-images columns-6 is-cropped wp-block-gallery-1 is-layout-flex wp-block-gallery-is-layout-flex\">\n<figure class=\"wp-block-image size-large\"><a href=\"https:\/\/www.aersp.pt\/portal\/wp-content\/uploads\/2025\/10\/IMG_8780-scaled.jpg\"><img fetchpriority=\"high\" decoding=\"async\" width=\"1024\" height=\"768\" data-id=\"9392\" src=\"https:\/\/www.aersp.pt\/portal\/wp-content\/uploads\/2025\/10\/IMG_8780-1024x768.jpg\" alt=\"\" class=\"wp-image-9392\" srcset=\"https:\/\/www.aersp.pt\/portal\/wp-content\/uploads\/2025\/10\/IMG_8780-1024x768.jpg 1024w, https:\/\/www.aersp.pt\/portal\/wp-content\/uploads\/2025\/10\/IMG_8780-300x225.jpg 300w, https:\/\/www.aersp.pt\/portal\/wp-content\/uploads\/2025\/10\/IMG_8780-768x576.jpg 768w, https:\/\/www.aersp.pt\/portal\/wp-content\/uploads\/2025\/10\/IMG_8780-1536x1152.jpg 1536w, https:\/\/www.aersp.pt\/portal\/wp-content\/uploads\/2025\/10\/IMG_8780-2048x1536.jpg 2048w, https:\/\/www.aersp.pt\/portal\/wp-content\/uploads\/2025\/10\/IMG_8780-320x240.jpg 320w, https:\/\/www.aersp.pt\/portal\/wp-content\/uploads\/2025\/10\/IMG_8780-480x360.jpg 480w, https:\/\/www.aersp.pt\/portal\/wp-content\/uploads\/2025\/10\/IMG_8780-800x600.jpg 800w\" sizes=\"(max-width: 1024px) 100vw, 1024px\" \/><\/a><\/figure>\n\n\n\n<figure class=\"wp-block-image size-large\"><a href=\"https:\/\/www.aersp.pt\/portal\/wp-content\/uploads\/2025\/07\/Poema-5.jpg\"><img decoding=\"async\" width=\"1024\" height=\"768\" data-id=\"9323\" src=\"https:\/\/www.aersp.pt\/portal\/wp-content\/uploads\/2025\/07\/Poema-5-1024x768.jpg\" alt=\"\" class=\"wp-image-9323\" srcset=\"https:\/\/www.aersp.pt\/portal\/wp-content\/uploads\/2025\/07\/Poema-5-1024x768.jpg 1024w, https:\/\/www.aersp.pt\/portal\/wp-content\/uploads\/2025\/07\/Poema-5-300x225.jpg 300w, https:\/\/www.aersp.pt\/portal\/wp-content\/uploads\/2025\/07\/Poema-5-768x576.jpg 768w, https:\/\/www.aersp.pt\/portal\/wp-content\/uploads\/2025\/07\/Poema-5-1536x1152.jpg 1536w, https:\/\/www.aersp.pt\/portal\/wp-content\/uploads\/2025\/07\/Poema-5-320x240.jpg 320w, https:\/\/www.aersp.pt\/portal\/wp-content\/uploads\/2025\/07\/Poema-5-480x360.jpg 480w, https:\/\/www.aersp.pt\/portal\/wp-content\/uploads\/2025\/07\/Poema-5-800x600.jpg 800w, https:\/\/www.aersp.pt\/portal\/wp-content\/uploads\/2025\/07\/Poema-5.jpg 2040w\" sizes=\"(max-width: 1024px) 100vw, 1024px\" \/><\/a><\/figure>\n\n\n\n<figure class=\"wp-block-image size-large\"><a href=\"https:\/\/www.aersp.pt\/portal\/wp-content\/uploads\/2025\/01\/DJI_0066_2-scaled.jpg\"><img decoding=\"async\" width=\"1024\" height=\"682\" data-id=\"8629\" src=\"https:\/\/www.aersp.pt\/portal\/wp-content\/uploads\/2025\/01\/DJI_0066_2-1024x682.jpg\" alt=\"\" class=\"wp-image-8629\" srcset=\"https:\/\/www.aersp.pt\/portal\/wp-content\/uploads\/2025\/01\/DJI_0066_2-1024x682.jpg 1024w, https:\/\/www.aersp.pt\/portal\/wp-content\/uploads\/2025\/01\/DJI_0066_2-300x200.jpg 300w, https:\/\/www.aersp.pt\/portal\/wp-content\/uploads\/2025\/01\/DJI_0066_2-768x512.jpg 768w, https:\/\/www.aersp.pt\/portal\/wp-content\/uploads\/2025\/01\/DJI_0066_2-1536x1023.jpg 1536w, https:\/\/www.aersp.pt\/portal\/wp-content\/uploads\/2025\/01\/DJI_0066_2-2048x1364.jpg 2048w\" sizes=\"(max-width: 1024px) 100vw, 1024px\" \/><\/a><\/figure>\n\n\n\n<figure class=\"wp-block-image size-large\"><a href=\"https:\/\/www.aersp.pt\/portal\/wp-content\/uploads\/2025\/01\/IMG_3531-scaled.jpg\"><img loading=\"lazy\" decoding=\"async\" width=\"768\" height=\"1024\" data-id=\"8803\" src=\"https:\/\/www.aersp.pt\/portal\/wp-content\/uploads\/2025\/01\/IMG_3531-768x1024.jpg\" alt=\"\" class=\"wp-image-8803\" srcset=\"https:\/\/www.aersp.pt\/portal\/wp-content\/uploads\/2025\/01\/IMG_3531-768x1024.jpg 768w, https:\/\/www.aersp.pt\/portal\/wp-content\/uploads\/2025\/01\/IMG_3531-225x300.jpg 225w, https:\/\/www.aersp.pt\/portal\/wp-content\/uploads\/2025\/01\/IMG_3531-1152x1536.jpg 1152w, https:\/\/www.aersp.pt\/portal\/wp-content\/uploads\/2025\/01\/IMG_3531-1536x2048.jpg 1536w, https:\/\/www.aersp.pt\/portal\/wp-content\/uploads\/2025\/01\/IMG_3531-320x427.jpg 320w, https:\/\/www.aersp.pt\/portal\/wp-content\/uploads\/2025\/01\/IMG_3531-480x640.jpg 480w, https:\/\/www.aersp.pt\/portal\/wp-content\/uploads\/2025\/01\/IMG_3531-800x1067.jpg 800w, https:\/\/www.aersp.pt\/portal\/wp-content\/uploads\/2025\/01\/IMG_3531-scaled.jpg 1920w\" sizes=\"(max-width: 768px) 100vw, 768px\" \/><\/a><\/figure>\n\n\n\n<figure class=\"wp-block-image size-large\"><a href=\"https:\/\/www.aersp.pt\/portal\/wp-content\/uploads\/2024\/11\/1-6-scaled.jpg\"><img loading=\"lazy\" decoding=\"async\" width=\"1024\" height=\"768\" data-id=\"8437\" src=\"https:\/\/www.aersp.pt\/portal\/wp-content\/uploads\/2024\/11\/1-6-1024x768.jpg\" alt=\"\" class=\"wp-image-8437\" srcset=\"https:\/\/www.aersp.pt\/portal\/wp-content\/uploads\/2024\/11\/1-6-1024x768.jpg 1024w, https:\/\/www.aersp.pt\/portal\/wp-content\/uploads\/2024\/11\/1-6-300x225.jpg 300w, https:\/\/www.aersp.pt\/portal\/wp-content\/uploads\/2024\/11\/1-6-768x576.jpg 768w, https:\/\/www.aersp.pt\/portal\/wp-content\/uploads\/2024\/11\/1-6-1536x1152.jpg 1536w, https:\/\/www.aersp.pt\/portal\/wp-content\/uploads\/2024\/11\/1-6-2048x1536.jpg 2048w\" sizes=\"(max-width: 1024px) 100vw, 1024px\" \/><\/a><\/figure>\n\n\n\n<figure class=\"wp-block-image size-large\"><a href=\"https:\/\/www.aersp.pt\/portal\/wp-content\/uploads\/2024\/10\/Sede_exterior-scaled.jpg\"><img loading=\"lazy\" decoding=\"async\" width=\"1024\" height=\"768\" data-id=\"8412\" src=\"https:\/\/www.aersp.pt\/portal\/wp-content\/uploads\/2024\/10\/Sede_exterior-1024x768.jpg\" alt=\"\" class=\"wp-image-8412\" srcset=\"https:\/\/www.aersp.pt\/portal\/wp-content\/uploads\/2024\/10\/Sede_exterior-1024x768.jpg 1024w, https:\/\/www.aersp.pt\/portal\/wp-content\/uploads\/2024\/10\/Sede_exterior-300x225.jpg 300w, https:\/\/www.aersp.pt\/portal\/wp-content\/uploads\/2024\/10\/Sede_exterior-768x576.jpg 768w, https:\/\/www.aersp.pt\/portal\/wp-content\/uploads\/2024\/10\/Sede_exterior-1536x1152.jpg 1536w, https:\/\/www.aersp.pt\/portal\/wp-content\/uploads\/2024\/10\/Sede_exterior-2048x1536.jpg 2048w\" sizes=\"(max-width: 1024px) 100vw, 1024px\" \/><\/a><\/figure>\n<\/figure>\n\n\n\n<p>O Agrupamento de Escolas Ribeiro Sanches de Penamacor foi constitu\u00eddo no ano letivo 2003\/2004, abrangendo atualmente desde o Ensino Pr\u00e9-Escolar at\u00e9 ao Ensino Secund\u00e1rio. Para al\u00e9m do ensino regular existem ainda os Cursos Profissionais no ensino secund\u00e1rio, os cursos de Educa\u00e7\u00e3o e Forma\u00e7\u00e3o no Ensino B\u00e1sico. \u00c9 constitu\u00eddo por 2 estabelecimentos de ensino da rede p\u00fablica: a Escola B\u00e1sica de Penamacor que inclui o 1\u00ba ciclo e 1 jardim-de-inf\u00e2ncia e que recebe todos os alunos do concelho destes n\u00edveis de ensino&nbsp; e a Escola B\u00e1sica e Secund\u00e1ria Ribeiro Sanches que inclui os 2\u00ba, 3\u00ba ciclos e secund\u00e1rio. Paralelamente, a Santa Casa da Miseric\u00f3rdia de Penamacor oferece, tamb\u00e9m, um servi\u00e7o de educa\u00e7\u00e3o pr\u00e9-escolar e de creche.<\/p>\n\n\n\n<p>A sua \u00e1rea pedag\u00f3gica inclui as freguesias de Aranhas, Salvador, Meimoa, Meim\u00e3o, Benqueren\u00e7a, Vale da Sra. da P\u00f3voa, Penamacor (sede do concelho) e as uni\u00f5es de freguesias Aldeia do Bispo, Aldeia de Jo\u00e3o Pires e \u00c1guas, e tamb\u00e9m, Bemposta e Pedrog\u00e3o de S\u00e3o Pedro. As mais distantes da sede do concelho, Penamacor, s\u00e3o Meim\u00e3o e Salvador que distam respetivamente 20km e 15Km.<\/p>\n\n\n\n<p>Os alunos s\u00e3o transportados diariamente para as respetivas escolas por carreiras organizadas sob a responsabilidade da C\u00e2mara Municipal de Penamacor.<\/p>\n","protected":false},"excerpt":{"rendered":"<p>O Agrupamento de Escolas Ribeiro Sanches de Penamacor foi constitu\u00eddo no ano letivo 2003\/2004, abrangendo atualmente desde o Ensino Pr\u00e9-Escolar at\u00e9 ao Ensino Secund\u00e1rio. Para&hellip;<\/p>\n","protected":false},"author":1,"featured_media":0,"parent":0,"menu_order":0,"comment_status":"closed","ping_status":"closed","template":"","meta":{"_uag_custom_page_level_css":"","_themeisle_gutenberg_block_has_review":false,"footnotes":""},"class_list":["post-10076","page","type-page","status-publish","hentry"],"uagb_featured_image_src":{"full":false,"thumbnail":false,"medium":false,"medium_large":false,"large":false,"1536x1536":false,"2048x2048":false,"320w":false,"480w":false,"800w":false},"uagb_author_info":{"display_name":"admin","author_link":"https:\/\/www.aersp.pt\/portal\/author\/admin\/"},"uagb_comment_info":0,"uagb_excerpt":"O Agrupamento de Escolas Ribeiro Sanches de Penamacor foi constitu\u00eddo no ano letivo 2003\/2004, abrangendo atualmente desde o Ensino Pr\u00e9-Escolar at\u00e9 ao Ensino Secund\u00e1rio. Para&hellip;","_links":{"self":[{"href":"https:\/\/www.aersp.pt\/portal\/wp-json\/wp\/v2\/pages\/10076","targetHints":{"allow":["GET"]}}],"collection":[{"href":"https:\/\/www.aersp.pt\/portal\/wp-json\/wp\/v2\/pages"}],"about":[{"href":"https:\/\/www.aersp.pt\/portal\/wp-json\/wp\/v2\/types\/page"}],"author":[{"embeddable":true,"href":"https:\/\/www.aersp.pt\/portal\/wp-json\/wp\/v2\/users\/1"}],"replies":[{"embeddable":true,"href":"https:\/\/www.aersp.pt\/portal\/wp-json\/wp\/v2\/comments?post=10076"}],"version-history":[{"count":1,"href":"https:\/\/www.aersp.pt\/portal\/wp-json\/wp\/v2\/pages\/10076\/revisions"}],"predecessor-version":[{"id":10077,"href":"https:\/\/www.aersp.pt\/portal\/wp-json\/wp\/v2\/pages\/10076\/revisions\/10077"}],"wp:attachment":[{"href":"https:\/\/www.aersp.pt\/portal\/wp-json\/wp\/v2\/media?parent=10076"}],"curies":[{"name":"wp","href":"https:\/\/api.w.org\/{rel}","templated":true}]}}